{"id":337,"date":"2025-02-02T09:00:44","date_gmt":"2025-02-02T09:00:44","guid":{"rendered":"https:\/\/vaipruart.com\/?post_type=product&#038;p=337"},"modified":"2025-02-09T15:50:59","modified_gmt":"2025-02-09T13:50:59","slug":"saules-jega","status":"publish","type":"product","link":"https:\/\/vaipruart.com\/en\/paveikslas\/saules-jega\/","title":{"rendered":"The power of the Sun"},"content":{"rendered":"","protected":false},"excerpt":{"rendered":"<p>Acrylic. Mixed technique.<br \/>\nCanvas 90\u00d790<br \/>\nArtist Vaida Pru\u0161inskien\u0117<\/p>","protected":false},"featured_media":294,"template":"","meta":[],"product_brand":[],"product_cat":[36,37],"product_tag":[57,40,39],"class_list":{"0":"post-337","1":"product","2":"type-product","3":"status-publish","4":"has-post-thumbnail","6":"product_cat-akrilas","7":"product_cat-misri-technika","8":"product_tag-90x90","9":"product_tag-akrilas","10":"product_tag-misri-technika","12":"first","13":"outofstock","14":"shipping-taxable","15":"product-type-simple"},"yoast_head":"<!-- This site is optimized with the Yoast SEO plugin v27.4 - https:\/\/yoast.com\/product\/yoast-seo-wordpress\/ -->\n<title>Saul\u0117s j\u0117ga - VaiPru art<\/title>\n<meta name=\"description\" content=\"\u201eSaul\u0117s j\u0117ga\u201c \u2013 energija ir \u0161iluma alsuojantis paveikslas, pripildytas \u0161viesos ir gyvybing\u0173 spalv\u0173. Atraskite unikal\u0173 meno k\u016brin\u012f savo erdvei.\" \/>\n<meta name=\"robots\" content=\"index, follow, max-snippet:-1, max-image-preview:large, max-video-preview:-1\" \/>\n<link rel=\"canonical\" href=\"https:\/\/vaipruart.com\/en\/paveikslas\/saules-jega\/\" \/>\n<meta property=\"og:locale\" content=\"en_GB\" \/>\n<meta property=\"og:type\" content=\"article\" \/>\n<meta property=\"og:title\" content=\"Saul\u0117s j\u0117ga - VaiPru art\" \/>\n<meta property=\"og:description\" content=\"\u201eSaul\u0117s j\u0117ga\u201c \u2013 energija ir \u0161iluma alsuojantis paveikslas, pripildytas \u0161viesos ir gyvybing\u0173 spalv\u0173. Atraskite unikal\u0173 meno k\u016brin\u012f savo erdvei.\" \/>\n<meta property=\"og:url\" content=\"https:\/\/vaipruart.com\/en\/paveikslas\/saules-jega\/\" \/>\n<meta property=\"og:site_name\" content=\"VaiPru art\" \/>\n<meta property=\"article:publisher\" content=\"https:\/\/www.facebook.com\/vaida.prusinskiene\" \/>\n<meta property=\"article:modified_time\" content=\"2025-02-09T13:50:59+00:00\" \/>\n<meta property=\"og:image\" content=\"https:\/\/vaipruart.com\/wp-content\/uploads\/2025\/02\/Saules-jega-scaled.jpg\" \/>\n\t<meta property=\"og:image:width\" content=\"2560\" \/>\n\t<meta property=\"og:image:height\" content=\"2544\" \/>\n\t<meta property=\"og:image:type\" content=\"image\/jpeg\" \/>\n<meta name=\"twitter:card\" content=\"summary_large_image\" \/>\n<meta name=\"twitter:label1\" content=\"Estimated reading time\" \/>\n\t<meta name=\"twitter:data1\" content=\"1 minute\" \/>\n<script type=\"application\/ld+json\" class=\"yoast-schema-graph\">{\"@context\":\"https:\\\/\\\/schema.org\",\"@graph\":[{\"@type\":\"WebPage\",\"@id\":\"https:\\\/\\\/vaipruart.com\\\/en\\\/paveikslas\\\/saules-jega\\\/\",\"url\":\"https:\\\/\\\/vaipruart.com\\\/en\\\/paveikslas\\\/saules-jega\\\/\",\"name\":\"Saul\u0117s j\u0117ga - VaiPru art\",\"isPartOf\":{\"@id\":\"https:\\\/\\\/vaipruart.com\\\/#website\"},\"primaryImageOfPage\":{\"@id\":\"https:\\\/\\\/vaipruart.com\\\/en\\\/paveikslas\\\/saules-jega\\\/#primaryimage\"},\"image\":{\"@id\":\"https:\\\/\\\/vaipruart.com\\\/en\\\/paveikslas\\\/saules-jega\\\/#primaryimage\"},\"thumbnailUrl\":\"https:\\\/\\\/vaipruart.com\\\/wp-content\\\/uploads\\\/2025\\\/02\\\/Saules-jega-scaled.jpg\",\"datePublished\":\"2025-02-02T09:00:44+00:00\",\"dateModified\":\"2025-02-09T13:50:59+00:00\",\"description\":\"\u201eSaul\u0117s j\u0117ga\u201c \u2013 energija ir \u0161iluma alsuojantis paveikslas, pripildytas \u0161viesos ir gyvybing\u0173 spalv\u0173. Atraskite unikal\u0173 meno k\u016brin\u012f savo erdvei.\",\"breadcrumb\":{\"@id\":\"https:\\\/\\\/vaipruart.com\\\/en\\\/paveikslas\\\/saules-jega\\\/#breadcrumb\"},\"inLanguage\":\"en-GB\",\"potentialAction\":[{\"@type\":\"ReadAction\",\"target\":[\"https:\\\/\\\/vaipruart.com\\\/en\\\/paveikslas\\\/saules-jega\\\/\"]}]},{\"@type\":\"ImageObject\",\"inLanguage\":\"en-GB\",\"@id\":\"https:\\\/\\\/vaipruart.com\\\/en\\\/paveikslas\\\/saules-jega\\\/#primaryimage\",\"url\":\"https:\\\/\\\/vaipruart.com\\\/wp-content\\\/uploads\\\/2025\\\/02\\\/Saules-jega-scaled.jpg\",\"contentUrl\":\"https:\\\/\\\/vaipruart.com\\\/wp-content\\\/uploads\\\/2025\\\/02\\\/Saules-jega-scaled.jpg\",\"width\":2560,\"height\":2544,\"caption\":\"Saul\u0117s j\u0117ga\"},{\"@type\":\"BreadcrumbList\",\"@id\":\"https:\\\/\\\/vaipruart.com\\\/en\\\/paveikslas\\\/saules-jega\\\/#breadcrumb\",\"itemListElement\":[{\"@type\":\"ListItem\",\"position\":1,\"name\":\"Home\",\"item\":\"https:\\\/\\\/vaipruart.com\\\/\"},{\"@type\":\"ListItem\",\"position\":2,\"name\":\"Galerija\",\"item\":\"https:\\\/\\\/vaipruart.com\\\/galerija\\\/\"},{\"@type\":\"ListItem\",\"position\":3,\"name\":\"Saul\u0117s j\u0117ga\"}]},{\"@type\":\"WebSite\",\"@id\":\"https:\\\/\\\/vaipruart.com\\\/#website\",\"url\":\"https:\\\/\\\/vaipruart.com\\\/\",\"name\":\"VaiPru art\",\"description\":\"Vienetiniai meno k\u016briniai \u2013 \u012esigykite original\u0173 \u0161iuolaikin\u012f men\u0105\",\"publisher\":{\"@id\":\"https:\\\/\\\/vaipruart.com\\\/#\\\/schema\\\/person\\\/b4ee229fd0276e3be29be0726dd8247b\"},\"potentialAction\":[{\"@type\":\"SearchAction\",\"target\":{\"@type\":\"EntryPoint\",\"urlTemplate\":\"https:\\\/\\\/vaipruart.com\\\/?s={search_term_string}\"},\"query-input\":{\"@type\":\"PropertyValueSpecification\",\"valueRequired\":true,\"valueName\":\"search_term_string\"}}],\"inLanguage\":\"en-GB\"},{\"@type\":[\"Person\",\"Organization\"],\"@id\":\"https:\\\/\\\/vaipruart.com\\\/#\\\/schema\\\/person\\\/b4ee229fd0276e3be29be0726dd8247b\",\"name\":\"Vaida Prusinskiene\",\"image\":{\"@type\":\"ImageObject\",\"inLanguage\":\"en-GB\",\"@id\":\"https:\\\/\\\/vaipruart.com\\\/wp-content\\\/uploads\\\/2025\\\/02\\\/as-scaled.jpg\",\"url\":\"https:\\\/\\\/vaipruart.com\\\/wp-content\\\/uploads\\\/2025\\\/02\\\/as-scaled.jpg\",\"contentUrl\":\"https:\\\/\\\/vaipruart.com\\\/wp-content\\\/uploads\\\/2025\\\/02\\\/as-scaled.jpg\",\"width\":2560,\"height\":1640,\"caption\":\"Vaida Prusinskiene\"},\"logo\":{\"@id\":\"https:\\\/\\\/vaipruart.com\\\/wp-content\\\/uploads\\\/2025\\\/02\\\/as-scaled.jpg\"},\"sameAs\":[\"http:\\\/\\\/vaipruart.com\",\"https:\\\/\\\/www.facebook.com\\\/vaida.prusinskiene\",\"https:\\\/\\\/www.instagram.com\\\/vaidaprusinskiene\\\/\"]}]}<\/script>\n<!-- \/ Yoast SEO plugin. -->","yoast_head_json":{"title":"Saul\u0117s j\u0117ga - VaiPru art","description":"\u201eSaul\u0117s j\u0117ga\u201c \u2013 energija ir \u0161iluma alsuojantis paveikslas, pripildytas \u0161viesos ir gyvybing\u0173 spalv\u0173. Atraskite unikal\u0173 meno k\u016brin\u012f savo erdvei.","robots":{"index":"index","follow":"follow","max-snippet":"max-snippet:-1","max-image-preview":"max-image-preview:large","max-video-preview":"max-video-preview:-1"},"canonical":"https:\/\/vaipruart.com\/en\/paveikslas\/saules-jega\/","og_locale":"en_GB","og_type":"article","og_title":"Saul\u0117s j\u0117ga - VaiPru art","og_description":"\u201eSaul\u0117s j\u0117ga\u201c \u2013 energija ir \u0161iluma alsuojantis paveikslas, pripildytas \u0161viesos ir gyvybing\u0173 spalv\u0173. Atraskite unikal\u0173 meno k\u016brin\u012f savo erdvei.","og_url":"https:\/\/vaipruart.com\/en\/paveikslas\/saules-jega\/","og_site_name":"VaiPru art","article_publisher":"https:\/\/www.facebook.com\/vaida.prusinskiene","article_modified_time":"2025-02-09T13:50:59+00:00","og_image":[{"width":2560,"height":2544,"url":"https:\/\/vaipruart.com\/wp-content\/uploads\/2025\/02\/Saules-jega-scaled.jpg","type":"image\/jpeg"}],"twitter_card":"summary_large_image","twitter_misc":{"Estimated reading time":"1 minute"},"schema":{"@context":"https:\/\/schema.org","@graph":[{"@type":"WebPage","@id":"https:\/\/vaipruart.com\/en\/paveikslas\/saules-jega\/","url":"https:\/\/vaipruart.com\/en\/paveikslas\/saules-jega\/","name":"Saul\u0117s j\u0117ga - VaiPru art","isPartOf":{"@id":"https:\/\/vaipruart.com\/#website"},"primaryImageOfPage":{"@id":"https:\/\/vaipruart.com\/en\/paveikslas\/saules-jega\/#primaryimage"},"image":{"@id":"https:\/\/vaipruart.com\/en\/paveikslas\/saules-jega\/#primaryimage"},"thumbnailUrl":"https:\/\/vaipruart.com\/wp-content\/uploads\/2025\/02\/Saules-jega-scaled.jpg","datePublished":"2025-02-02T09:00:44+00:00","dateModified":"2025-02-09T13:50:59+00:00","description":"\u201eSaul\u0117s j\u0117ga\u201c \u2013 energija ir \u0161iluma alsuojantis paveikslas, pripildytas \u0161viesos ir gyvybing\u0173 spalv\u0173. Atraskite unikal\u0173 meno k\u016brin\u012f savo erdvei.","breadcrumb":{"@id":"https:\/\/vaipruart.com\/en\/paveikslas\/saules-jega\/#breadcrumb"},"inLanguage":"en-GB","potentialAction":[{"@type":"ReadAction","target":["https:\/\/vaipruart.com\/en\/paveikslas\/saules-jega\/"]}]},{"@type":"ImageObject","inLanguage":"en-GB","@id":"https:\/\/vaipruart.com\/en\/paveikslas\/saules-jega\/#primaryimage","url":"https:\/\/vaipruart.com\/wp-content\/uploads\/2025\/02\/Saules-jega-scaled.jpg","contentUrl":"https:\/\/vaipruart.com\/wp-content\/uploads\/2025\/02\/Saules-jega-scaled.jpg","width":2560,"height":2544,"caption":"Saul\u0117s j\u0117ga"},{"@type":"BreadcrumbList","@id":"https:\/\/vaipruart.com\/en\/paveikslas\/saules-jega\/#breadcrumb","itemListElement":[{"@type":"ListItem","position":1,"name":"Home","item":"https:\/\/vaipruart.com\/"},{"@type":"ListItem","position":2,"name":"Galerija","item":"https:\/\/vaipruart.com\/galerija\/"},{"@type":"ListItem","position":3,"name":"Saul\u0117s j\u0117ga"}]},{"@type":"WebSite","@id":"https:\/\/vaipruart.com\/#website","url":"https:\/\/vaipruart.com\/","name":"VaiPru art","description":"Vienetiniai meno k\u016briniai \u2013 \u012esigykite original\u0173 \u0161iuolaikin\u012f men\u0105","publisher":{"@id":"https:\/\/vaipruart.com\/#\/schema\/person\/b4ee229fd0276e3be29be0726dd8247b"},"potentialAction":[{"@type":"SearchAction","target":{"@type":"EntryPoint","urlTemplate":"https:\/\/vaipruart.com\/?s={search_term_string}"},"query-input":{"@type":"PropertyValueSpecification","valueRequired":true,"valueName":"search_term_string"}}],"inLanguage":"en-GB"},{"@type":["Person","Organization"],"@id":"https:\/\/vaipruart.com\/#\/schema\/person\/b4ee229fd0276e3be29be0726dd8247b","name":"Vaida Prusinskiene","image":{"@type":"ImageObject","inLanguage":"en-GB","@id":"https:\/\/vaipruart.com\/wp-content\/uploads\/2025\/02\/as-scaled.jpg","url":"https:\/\/vaipruart.com\/wp-content\/uploads\/2025\/02\/as-scaled.jpg","contentUrl":"https:\/\/vaipruart.com\/wp-content\/uploads\/2025\/02\/as-scaled.jpg","width":2560,"height":1640,"caption":"Vaida Prusinskiene"},"logo":{"@id":"https:\/\/vaipruart.com\/wp-content\/uploads\/2025\/02\/as-scaled.jpg"},"sameAs":["http:\/\/vaipruart.com","https:\/\/www.facebook.com\/vaida.prusinskiene","https:\/\/www.instagram.com\/vaidaprusinskiene\/"]}]}},"_links":{"self":[{"href":"https:\/\/vaipruart.com\/en\/wp-json\/wp\/v2\/product\/337","targetHints":{"allow":["GET"]}}],"collection":[{"href":"https:\/\/vaipruart.com\/en\/wp-json\/wp\/v2\/product"}],"about":[{"href":"https:\/\/vaipruart.com\/en\/wp-json\/wp\/v2\/types\/product"}],"wp:featuredmedia":[{"embeddable":true,"href":"https:\/\/vaipruart.com\/en\/wp-json\/wp\/v2\/media\/294"}],"wp:attachment":[{"href":"https:\/\/vaipruart.com\/en\/wp-json\/wp\/v2\/media?parent=337"}],"wp:term":[{"taxonomy":"product_brand","embeddable":true,"href":"https:\/\/vaipruart.com\/en\/wp-json\/wp\/v2\/product_brand?post=337"},{"taxonomy":"product_cat","embeddable":true,"href":"https:\/\/vaipruart.com\/en\/wp-json\/wp\/v2\/product_cat?post=337"},{"taxonomy":"product_tag","embeddable":true,"href":"https:\/\/vaipruart.com\/en\/wp-json\/wp\/v2\/product_tag?post=337"}],"curies":[{"name":"wp","href":"https:\/\/api.w.org\/{rel}","templated":true}]}}