{"id":146,"date":"2025-01-20T17:36:07","date_gmt":"2025-01-20T17:36:07","guid":{"rendered":"https:\/\/vaipruart.com\/?post_type=product&#038;p=146"},"modified":"2025-02-09T16:00:32","modified_gmt":"2025-02-09T14:00:32","slug":"dega-manyje","status":"publish","type":"product","link":"https:\/\/vaipruart.com\/en\/paveikslas\/dega-manyje\/","title":{"rendered":"Burning inside me..."},"content":{"rendered":"","protected":false},"excerpt":{"rendered":"<p>Akrilas. Akrilas. Mi\u0161ri technika.<br \/>\nCanvas 90\u00d780<br \/>\nArtist Vaida Pru\u0161inskien\u0117<\/p>","protected":false},"featured_media":273,"template":"","meta":[],"product_brand":[],"product_cat":[36,37],"product_tag":[47,40,39],"class_list":{"0":"post-146","1":"product","2":"type-product","3":"status-publish","4":"has-post-thumbnail","6":"product_cat-akrilas","7":"product_cat-misri-technika","8":"product_tag-90x80","9":"product_tag-akrilas","10":"product_tag-misri-technika","12":"first","13":"instock","14":"shipping-taxable","15":"product-type-simple"},"yoast_head":"<!-- This site is optimized with the Yoast SEO plugin v27.4 - https:\/\/yoast.com\/product\/yoast-seo-wordpress\/ -->\n<title>Dega manyje... - VaiPru art<\/title>\n<meta name=\"description\" content=\"&quot;Dega manyje...&quot;- unikalus, vienetinis paveikslas. \u012esigykite original\u0173 men\u0105, kuris pripildys j\u016bs\u0173 erdv\u0119 spalvomis ir emocijomis.\" \/>\n<meta name=\"robots\" content=\"index, follow, max-snippet:-1, max-image-preview:large, max-video-preview:-1\" \/>\n<link rel=\"canonical\" href=\"https:\/\/vaipruart.com\/en\/paveikslas\/dega-manyje\/\" \/>\n<meta property=\"og:locale\" content=\"en_GB\" \/>\n<meta property=\"og:type\" content=\"article\" \/>\n<meta property=\"og:title\" content=\"Dega manyje... - VaiPru art\" \/>\n<meta property=\"og:description\" content=\"&quot;Dega manyje...&quot;- unikalus, vienetinis paveikslas. \u012esigykite original\u0173 men\u0105, kuris pripildys j\u016bs\u0173 erdv\u0119 spalvomis ir emocijomis.\" \/>\n<meta property=\"og:url\" content=\"https:\/\/vaipruart.com\/en\/paveikslas\/dega-manyje\/\" \/>\n<meta property=\"og:site_name\" content=\"VaiPru art\" \/>\n<meta property=\"article:publisher\" content=\"https:\/\/www.facebook.com\/vaida.prusinskiene\" \/>\n<meta property=\"article:modified_time\" content=\"2025-02-09T14:00:32+00:00\" \/>\n<meta property=\"og:image\" content=\"https:\/\/vaipruart.com\/wp-content\/uploads\/2025\/02\/Dega-manyje-12-4.jpg\" \/>\n\t<meta property=\"og:image:width\" content=\"2128\" \/>\n\t<meta property=\"og:image:height\" content=\"2374\" \/>\n\t<meta property=\"og:image:type\" content=\"image\/jpeg\" \/>\n<meta name=\"twitter:card\" content=\"summary_large_image\" \/>\n<meta name=\"twitter:label1\" content=\"Estimated reading time\" \/>\n\t<meta name=\"twitter:data1\" content=\"1 minute\" \/>\n<script type=\"application\/ld+json\" class=\"yoast-schema-graph\">{\"@context\":\"https:\\\/\\\/schema.org\",\"@graph\":[{\"@type\":\"WebPage\",\"@id\":\"https:\\\/\\\/vaipruart.com\\\/paveikslas\\\/dega-manyje\\\/\",\"url\":\"https:\\\/\\\/vaipruart.com\\\/paveikslas\\\/dega-manyje\\\/\",\"name\":\"Dega manyje... - VaiPru art\",\"isPartOf\":{\"@id\":\"https:\\\/\\\/vaipruart.com\\\/#website\"},\"primaryImageOfPage\":{\"@id\":\"https:\\\/\\\/vaipruart.com\\\/paveikslas\\\/dega-manyje\\\/#primaryimage\"},\"image\":{\"@id\":\"https:\\\/\\\/vaipruart.com\\\/paveikslas\\\/dega-manyje\\\/#primaryimage\"},\"thumbnailUrl\":\"https:\\\/\\\/vaipruart.com\\\/wp-content\\\/uploads\\\/2025\\\/02\\\/Dega-manyje-12-4.jpg\",\"datePublished\":\"2025-01-20T17:36:07+00:00\",\"dateModified\":\"2025-02-09T14:00:32+00:00\",\"description\":\"\\\"Dega manyje...\\\"- unikalus, vienetinis paveikslas. \u012esigykite original\u0173 men\u0105, kuris pripildys j\u016bs\u0173 erdv\u0119 spalvomis ir emocijomis.\",\"breadcrumb\":{\"@id\":\"https:\\\/\\\/vaipruart.com\\\/paveikslas\\\/dega-manyje\\\/#breadcrumb\"},\"inLanguage\":\"en-GB\",\"potentialAction\":[{\"@type\":\"ReadAction\",\"target\":[\"https:\\\/\\\/vaipruart.com\\\/paveikslas\\\/dega-manyje\\\/\"]}]},{\"@type\":\"ImageObject\",\"inLanguage\":\"en-GB\",\"@id\":\"https:\\\/\\\/vaipruart.com\\\/paveikslas\\\/dega-manyje\\\/#primaryimage\",\"url\":\"https:\\\/\\\/vaipruart.com\\\/wp-content\\\/uploads\\\/2025\\\/02\\\/Dega-manyje-12-4.jpg\",\"contentUrl\":\"https:\\\/\\\/vaipruart.com\\\/wp-content\\\/uploads\\\/2025\\\/02\\\/Dega-manyje-12-4.jpg\",\"width\":2128,\"height\":2374,\"caption\":\"Dega manyje...\"},{\"@type\":\"BreadcrumbList\",\"@id\":\"https:\\\/\\\/vaipruart.com\\\/paveikslas\\\/dega-manyje\\\/#breadcrumb\",\"itemListElement\":[{\"@type\":\"ListItem\",\"position\":1,\"name\":\"Home\",\"item\":\"https:\\\/\\\/vaipruart.com\\\/\"},{\"@type\":\"ListItem\",\"position\":2,\"name\":\"Galerija\",\"item\":\"https:\\\/\\\/vaipruart.com\\\/galerija\\\/\"},{\"@type\":\"ListItem\",\"position\":3,\"name\":\"Dega manyje&#8230;\"}]},{\"@type\":\"WebSite\",\"@id\":\"https:\\\/\\\/vaipruart.com\\\/#website\",\"url\":\"https:\\\/\\\/vaipruart.com\\\/\",\"name\":\"VaiPru art\",\"description\":\"Vienetiniai meno k\u016briniai \u2013 \u012esigykite original\u0173 \u0161iuolaikin\u012f men\u0105\",\"publisher\":{\"@id\":\"https:\\\/\\\/vaipruart.com\\\/#\\\/schema\\\/person\\\/b4ee229fd0276e3be29be0726dd8247b\"},\"potentialAction\":[{\"@type\":\"SearchAction\",\"target\":{\"@type\":\"EntryPoint\",\"urlTemplate\":\"https:\\\/\\\/vaipruart.com\\\/?s={search_term_string}\"},\"query-input\":{\"@type\":\"PropertyValueSpecification\",\"valueRequired\":true,\"valueName\":\"search_term_string\"}}],\"inLanguage\":\"en-GB\"},{\"@type\":[\"Person\",\"Organization\"],\"@id\":\"https:\\\/\\\/vaipruart.com\\\/#\\\/schema\\\/person\\\/b4ee229fd0276e3be29be0726dd8247b\",\"name\":\"Vaida Prusinskiene\",\"image\":{\"@type\":\"ImageObject\",\"inLanguage\":\"en-GB\",\"@id\":\"https:\\\/\\\/vaipruart.com\\\/wp-content\\\/uploads\\\/2025\\\/02\\\/as-scaled.jpg\",\"url\":\"https:\\\/\\\/vaipruart.com\\\/wp-content\\\/uploads\\\/2025\\\/02\\\/as-scaled.jpg\",\"contentUrl\":\"https:\\\/\\\/vaipruart.com\\\/wp-content\\\/uploads\\\/2025\\\/02\\\/as-scaled.jpg\",\"width\":2560,\"height\":1640,\"caption\":\"Vaida Prusinskiene\"},\"logo\":{\"@id\":\"https:\\\/\\\/vaipruart.com\\\/wp-content\\\/uploads\\\/2025\\\/02\\\/as-scaled.jpg\"},\"sameAs\":[\"http:\\\/\\\/vaipruart.com\",\"https:\\\/\\\/www.facebook.com\\\/vaida.prusinskiene\",\"https:\\\/\\\/www.instagram.com\\\/vaidaprusinskiene\\\/\"]}]}<\/script>\n<!-- \/ Yoast SEO plugin. -->","yoast_head_json":{"title":"Dega manyje... - VaiPru art","description":"\"Dega manyje...\"- unikalus, vienetinis paveikslas. \u012esigykite original\u0173 men\u0105, kuris pripildys j\u016bs\u0173 erdv\u0119 spalvomis ir emocijomis.","robots":{"index":"index","follow":"follow","max-snippet":"max-snippet:-1","max-image-preview":"max-image-preview:large","max-video-preview":"max-video-preview:-1"},"canonical":"https:\/\/vaipruart.com\/en\/paveikslas\/dega-manyje\/","og_locale":"en_GB","og_type":"article","og_title":"Dega manyje... - VaiPru art","og_description":"\"Dega manyje...\"- unikalus, vienetinis paveikslas. \u012esigykite original\u0173 men\u0105, kuris pripildys j\u016bs\u0173 erdv\u0119 spalvomis ir emocijomis.","og_url":"https:\/\/vaipruart.com\/en\/paveikslas\/dega-manyje\/","og_site_name":"VaiPru art","article_publisher":"https:\/\/www.facebook.com\/vaida.prusinskiene","article_modified_time":"2025-02-09T14:00:32+00:00","og_image":[{"width":2128,"height":2374,"url":"https:\/\/vaipruart.com\/wp-content\/uploads\/2025\/02\/Dega-manyje-12-4.jpg","type":"image\/jpeg"}],"twitter_card":"summary_large_image","twitter_misc":{"Estimated reading time":"1 minute"},"schema":{"@context":"https:\/\/schema.org","@graph":[{"@type":"WebPage","@id":"https:\/\/vaipruart.com\/paveikslas\/dega-manyje\/","url":"https:\/\/vaipruart.com\/paveikslas\/dega-manyje\/","name":"Dega manyje... - VaiPru art","isPartOf":{"@id":"https:\/\/vaipruart.com\/#website"},"primaryImageOfPage":{"@id":"https:\/\/vaipruart.com\/paveikslas\/dega-manyje\/#primaryimage"},"image":{"@id":"https:\/\/vaipruart.com\/paveikslas\/dega-manyje\/#primaryimage"},"thumbnailUrl":"https:\/\/vaipruart.com\/wp-content\/uploads\/2025\/02\/Dega-manyje-12-4.jpg","datePublished":"2025-01-20T17:36:07+00:00","dateModified":"2025-02-09T14:00:32+00:00","description":"\"Dega manyje...\"- unikalus, vienetinis paveikslas. \u012esigykite original\u0173 men\u0105, kuris pripildys j\u016bs\u0173 erdv\u0119 spalvomis ir emocijomis.","breadcrumb":{"@id":"https:\/\/vaipruart.com\/paveikslas\/dega-manyje\/#breadcrumb"},"inLanguage":"en-GB","potentialAction":[{"@type":"ReadAction","target":["https:\/\/vaipruart.com\/paveikslas\/dega-manyje\/"]}]},{"@type":"ImageObject","inLanguage":"en-GB","@id":"https:\/\/vaipruart.com\/paveikslas\/dega-manyje\/#primaryimage","url":"https:\/\/vaipruart.com\/wp-content\/uploads\/2025\/02\/Dega-manyje-12-4.jpg","contentUrl":"https:\/\/vaipruart.com\/wp-content\/uploads\/2025\/02\/Dega-manyje-12-4.jpg","width":2128,"height":2374,"caption":"Dega manyje..."},{"@type":"BreadcrumbList","@id":"https:\/\/vaipruart.com\/paveikslas\/dega-manyje\/#breadcrumb","itemListElement":[{"@type":"ListItem","position":1,"name":"Home","item":"https:\/\/vaipruart.com\/"},{"@type":"ListItem","position":2,"name":"Galerija","item":"https:\/\/vaipruart.com\/galerija\/"},{"@type":"ListItem","position":3,"name":"Dega manyje&#8230;"}]},{"@type":"WebSite","@id":"https:\/\/vaipruart.com\/#website","url":"https:\/\/vaipruart.com\/","name":"VaiPru art","description":"Vienetiniai meno k\u016briniai \u2013 \u012esigykite original\u0173 \u0161iuolaikin\u012f men\u0105","publisher":{"@id":"https:\/\/vaipruart.com\/#\/schema\/person\/b4ee229fd0276e3be29be0726dd8247b"},"potentialAction":[{"@type":"SearchAction","target":{"@type":"EntryPoint","urlTemplate":"https:\/\/vaipruart.com\/?s={search_term_string}"},"query-input":{"@type":"PropertyValueSpecification","valueRequired":true,"valueName":"search_term_string"}}],"inLanguage":"en-GB"},{"@type":["Person","Organization"],"@id":"https:\/\/vaipruart.com\/#\/schema\/person\/b4ee229fd0276e3be29be0726dd8247b","name":"Vaida Prusinskiene","image":{"@type":"ImageObject","inLanguage":"en-GB","@id":"https:\/\/vaipruart.com\/wp-content\/uploads\/2025\/02\/as-scaled.jpg","url":"https:\/\/vaipruart.com\/wp-content\/uploads\/2025\/02\/as-scaled.jpg","contentUrl":"https:\/\/vaipruart.com\/wp-content\/uploads\/2025\/02\/as-scaled.jpg","width":2560,"height":1640,"caption":"Vaida Prusinskiene"},"logo":{"@id":"https:\/\/vaipruart.com\/wp-content\/uploads\/2025\/02\/as-scaled.jpg"},"sameAs":["http:\/\/vaipruart.com","https:\/\/www.facebook.com\/vaida.prusinskiene","https:\/\/www.instagram.com\/vaidaprusinskiene\/"]}]}},"_links":{"self":[{"href":"https:\/\/vaipruart.com\/en\/wp-json\/wp\/v2\/product\/146","targetHints":{"allow":["GET"]}}],"collection":[{"href":"https:\/\/vaipruart.com\/en\/wp-json\/wp\/v2\/product"}],"about":[{"href":"https:\/\/vaipruart.com\/en\/wp-json\/wp\/v2\/types\/product"}],"wp:featuredmedia":[{"embeddable":true,"href":"https:\/\/vaipruart.com\/en\/wp-json\/wp\/v2\/media\/273"}],"wp:attachment":[{"href":"https:\/\/vaipruart.com\/en\/wp-json\/wp\/v2\/media?parent=146"}],"wp:term":[{"taxonomy":"product_brand","embeddable":true,"href":"https:\/\/vaipruart.com\/en\/wp-json\/wp\/v2\/product_brand?post=146"},{"taxonomy":"product_cat","embeddable":true,"href":"https:\/\/vaipruart.com\/en\/wp-json\/wp\/v2\/product_cat?post=146"},{"taxonomy":"product_tag","embeddable":true,"href":"https:\/\/vaipruart.com\/en\/wp-json\/wp\/v2\/product_tag?post=146"}],"curies":[{"name":"wp","href":"https:\/\/api.w.org\/{rel}","templated":true}]}}