{"id":3,"date":"2025-01-19T19:10:46","date_gmt":"2025-01-19T19:10:46","guid":{"rendered":"https:\/\/vaipruart.com\/?page_id=3"},"modified":"2025-02-16T17:12:59","modified_gmt":"2025-02-16T15:12:59","slug":"privatumo-politika","status":"publish","type":"page","link":"https:\/\/vaipruart.com\/en\/privatumo-politika\/","title":{"rendered":"Privacy Policy"},"content":{"rendered":"<p>This privacy policy (\"Policy\") governs the collection, use, storage and protection of personal data when you (the \"User\") use&nbsp;<a href=\"https:\/\/vaipruart.com\/en\/\" target=\"_blank\" rel=\"noreferrer noopener\">http:\/\/www.vaipruart.com<\/a>&nbsp;website (\"the Website\") and the services it provides.<\/p>\n\n\n\n<h3 class=\"wp-block-heading\"><strong>1.&nbsp;<\/strong>Collection and processing of personal data<\/h3>\n\n\n\n<p><strong>1.1.&nbsp;<\/strong>When you browse our website, we automatically collect certain information about your device, such as your IP address, browser type and version, the time and date of the pages you visited, and other statistical information.<br><strong>1.2.&nbsp;<\/strong>We may also collect personal data that you choose to provide in forms on our website in order to respond to your enquiries or to provide a particular service.<\/p>\n\n\n\n<h3 class=\"wp-block-heading\"><strong>2.&nbsp;<\/strong>Storage and protection of personal data<\/h3>\n\n\n\n<p><strong>2.1.&nbsp;<\/strong>We are committed to ensuring the confidentiality and security of personal data by taking appropriate technical and organisational measures to protect it against unauthorised or improper use, loss, destruction or damage.<br><strong>2.2.&nbsp;<\/strong>We will protect your personal data to the extent necessary to comply with our legal obligations or to pursue our business interests.<br><strong>2.3.&nbsp;<\/strong>You may visit our website without providing any personally identifiable information. However, if you wish to use the features of our website, to receive our newsletter or to fill out our contact form, you may provide us with personal information such as your email address, name, residence information, telephone number. You have the choice not to provide us with your personal data, but in this case you will not be able to use most of the features of the website. Visitors to the Site who are not aware of the information we are required to collect may contact us by email:&nbsp;<a href=\"mailto:vip6791@gmail.com\" target=\"_blank\" rel=\"noreferrer noopener\">vip6791@gmail.com<\/a>.<\/p>\n\n\n\n<h3 class=\"wp-block-heading\"><strong>3.&nbsp;<\/strong>Receiving data from third parties<\/h3>\n\n\n\n<p><strong>3.1.&nbsp;<\/strong>We only transfer your personal data to trusted third parties and only for the purpose of properly fulfilling the purposes of processing personal data. We may also transfer your personal data where required by applicable legal requirements or where necessary for the provision of our services.<\/p>\n\n\n\n<h3 class=\"wp-block-heading\"><strong>4.&nbsp;<\/strong>Third party websites<\/h3>\n\n\n\n<p><strong>4.1.&nbsp;<\/strong>This website may contain third-party banners and links to their websites and services, which are not under our control and we are not responsible for the security and privacy of the information collected by third parties. We recommend that you read the privacy statements applicable to the third party websites and services that you use. This privacy policy has been created using&nbsp;<a href=\"https:\/\/nordweb.lt\/privatumo-politikos-sablono-generatorius\/\" target=\"_blank\" rel=\"noreferrer noopener\">Nordweb Privacy Policy Builder<\/a>&nbsp;&#8211;&nbsp;<a href=\"https:\/\/nordweb.lt\/\" target=\"_blank\" rel=\"noreferrer noopener\">https:\/\/nordweb.lt<\/a>.<\/p>\n\n\n\n<h3 class=\"wp-block-heading\"><strong>5.&nbsp;<\/strong>Cookies and tracking technologies<\/h3>\n\n\n\n<p><strong>5.1.&nbsp;<\/strong>Our website may use cookies and other tracking technologies to improve your user experience and analyse traffic. You can choose to accept the use of cookies at any time in your browser settings.<br><strong>5.2.&nbsp;<\/strong>We do not associate a visitor's IP address and email address or other personal information with personally identifiable data. This means that each visitor's visit will be logged, but the visitor will remain anonymous.<\/p>\n\n\n\n<h3 class=\"wp-block-heading\"><strong>6.&nbsp;<\/strong>Your rights<\/h3>\n\n\n\n<p><strong>6.1.&nbsp;<\/strong>You have the right to access the personal data collected and processed about you, and to request the rectification, erasure or transfer of that data to another organisation. You also have the right to object to the processing.<\/p>\n\n\n\n<h3 class=\"wp-block-heading\"><strong>7.&nbsp;<\/strong>Contacts<\/h3>\n\n\n\n<p><strong>7.1.&nbsp;<\/strong>If you have any questions or would like more information about our privacy policy, please contact us by email:&nbsp;<a href=\"mailto:vip6791@gmail.com\" target=\"_blank\" rel=\"noreferrer noopener\">vip6791@gmail.com<\/a>.<\/p>","protected":false},"excerpt":{"rendered":"<p>\u0160i privatumo politika (toliau &#8211; \u201epolitika\u201c) reglamentuoja asmens duomen\u0173 rinkim\u0105, naudojim\u0105, saugojim\u0105 ir apsaug\u0105, kai j\u016bs (toliau &#8211; \u201evartotojas\u201c) naudojat\u0117s&nbsp;http:\/\/www.vaipruart.com&nbsp;interneto svetaine (toliau &#8211; \u201esvetain\u0117\u201c) ir jos teikiamomis paslaugomis. 1.&nbsp;Asmens duomen\u0173 rinkimas ir tvarkymas 1.1.&nbsp;Kuomet nar\u0161ote m\u016bs\u0173 svetain\u0117je, automati\u0161kai renkame tam tikr\u0105 informacij\u0105 apie j\u016bs\u0173 \u012frengin\u012f &#8211; j\u016bs\u0173 IP adres\u0105, nar\u0161ykl\u0117s tip\u0105 ir versij\u0105, puslapi\u0173, kuriuose [&hellip;]<\/p>\n","protected":false},"author":1,"featured_media":0,"parent":0,"menu_order":0,"comment_status":"closed","ping_status":"closed","template":"","meta":{"footnotes":""},"class_list":["post-3","page","type-page","status-publish","hentry"],"blocksy_meta":[],"yoast_head":"<!-- This site is optimized with the Yoast SEO plugin v27.4 - https:\/\/yoast.com\/product\/yoast-seo-wordpress\/ -->\n<title>Privatumo politika - VaiPru art<\/title>\n<meta name=\"description\" content=\"\u0160ioje privatumo politikoje apra\u0161oma m\u016bs\u0173 svetain\u0117s politika ir proced\u016bros, susijusios su J\u016bs\u0173 informacijos rinkimu, naudojimu ir atskleidimu\" \/>\n<meta name=\"robots\" content=\"index, follow, max-snippet:-1, max-image-preview:large, max-video-preview:-1\" \/>\n<link rel=\"canonical\" href=\"https:\/\/vaipruart.com\/en\/privatumo-politika\/\" \/>\n<meta property=\"og:locale\" content=\"en_GB\" \/>\n<meta property=\"og:type\" content=\"article\" \/>\n<meta property=\"og:title\" content=\"Privatumo politika - VaiPru art\" \/>\n<meta property=\"og:description\" content=\"\u0160ioje privatumo politikoje apra\u0161oma m\u016bs\u0173 svetain\u0117s politika ir proced\u016bros, susijusios su J\u016bs\u0173 informacijos rinkimu, naudojimu ir atskleidimu\" \/>\n<meta property=\"og:url\" content=\"https:\/\/vaipruart.com\/en\/privatumo-politika\/\" \/>\n<meta property=\"og:site_name\" content=\"VaiPru art\" \/>\n<meta property=\"article:publisher\" content=\"https:\/\/www.facebook.com\/vaida.prusinskiene\" \/>\n<meta property=\"article:modified_time\" content=\"2025-02-16T15:12:59+00:00\" \/>\n<meta name=\"twitter:card\" content=\"summary_large_image\" \/>\n<meta name=\"twitter:label1\" content=\"Estimated reading time\" \/>\n\t<meta name=\"twitter:data1\" content=\"3 minutes\" \/>\n<script type=\"application\/ld+json\" class=\"yoast-schema-graph\">{\"@context\":\"https:\\\/\\\/schema.org\",\"@graph\":[{\"@type\":\"WebPage\",\"@id\":\"https:\\\/\\\/vaipruart.com\\\/privatumo-politika\\\/\",\"url\":\"https:\\\/\\\/vaipruart.com\\\/privatumo-politika\\\/\",\"name\":\"Privatumo politika - VaiPru art\",\"isPartOf\":{\"@id\":\"https:\\\/\\\/vaipruart.com\\\/#website\"},\"datePublished\":\"2025-01-19T19:10:46+00:00\",\"dateModified\":\"2025-02-16T15:12:59+00:00\",\"description\":\"\u0160ioje privatumo politikoje apra\u0161oma m\u016bs\u0173 svetain\u0117s politika ir proced\u016bros, susijusios su J\u016bs\u0173 informacijos rinkimu, naudojimu ir atskleidimu\",\"breadcrumb\":{\"@id\":\"https:\\\/\\\/vaipruart.com\\\/privatumo-politika\\\/#breadcrumb\"},\"inLanguage\":\"en-GB\",\"potentialAction\":[{\"@type\":\"ReadAction\",\"target\":[\"https:\\\/\\\/vaipruart.com\\\/privatumo-politika\\\/\"]}]},{\"@type\":\"BreadcrumbList\",\"@id\":\"https:\\\/\\\/vaipruart.com\\\/privatumo-politika\\\/#breadcrumb\",\"itemListElement\":[{\"@type\":\"ListItem\",\"position\":1,\"name\":\"Home\",\"item\":\"https:\\\/\\\/vaipruart.com\\\/\"},{\"@type\":\"ListItem\",\"position\":2,\"name\":\"Privatumo politika\"}]},{\"@type\":\"WebSite\",\"@id\":\"https:\\\/\\\/vaipruart.com\\\/#website\",\"url\":\"https:\\\/\\\/vaipruart.com\\\/\",\"name\":\"VaiPru art\",\"description\":\"Vienetiniai meno k\u016briniai \u2013 \u012esigykite original\u0173 \u0161iuolaikin\u012f men\u0105\",\"publisher\":{\"@id\":\"https:\\\/\\\/vaipruart.com\\\/#\\\/schema\\\/person\\\/b4ee229fd0276e3be29be0726dd8247b\"},\"potentialAction\":[{\"@type\":\"SearchAction\",\"target\":{\"@type\":\"EntryPoint\",\"urlTemplate\":\"https:\\\/\\\/vaipruart.com\\\/?s={search_term_string}\"},\"query-input\":{\"@type\":\"PropertyValueSpecification\",\"valueRequired\":true,\"valueName\":\"search_term_string\"}}],\"inLanguage\":\"en-GB\"},{\"@type\":[\"Person\",\"Organization\"],\"@id\":\"https:\\\/\\\/vaipruart.com\\\/#\\\/schema\\\/person\\\/b4ee229fd0276e3be29be0726dd8247b\",\"name\":\"Vaida Prusinskiene\",\"image\":{\"@type\":\"ImageObject\",\"inLanguage\":\"en-GB\",\"@id\":\"https:\\\/\\\/vaipruart.com\\\/wp-content\\\/uploads\\\/2025\\\/02\\\/as-scaled.jpg\",\"url\":\"https:\\\/\\\/vaipruart.com\\\/wp-content\\\/uploads\\\/2025\\\/02\\\/as-scaled.jpg\",\"contentUrl\":\"https:\\\/\\\/vaipruart.com\\\/wp-content\\\/uploads\\\/2025\\\/02\\\/as-scaled.jpg\",\"width\":2560,\"height\":1640,\"caption\":\"Vaida Prusinskiene\"},\"logo\":{\"@id\":\"https:\\\/\\\/vaipruart.com\\\/wp-content\\\/uploads\\\/2025\\\/02\\\/as-scaled.jpg\"},\"sameAs\":[\"http:\\\/\\\/vaipruart.com\",\"https:\\\/\\\/www.facebook.com\\\/vaida.prusinskiene\",\"https:\\\/\\\/www.instagram.com\\\/vaidaprusinskiene\\\/\"]}]}<\/script>\n<!-- \/ Yoast SEO plugin. -->","yoast_head_json":{"title":"Privatumo politika - VaiPru art","description":"\u0160ioje privatumo politikoje apra\u0161oma m\u016bs\u0173 svetain\u0117s politika ir proced\u016bros, susijusios su J\u016bs\u0173 informacijos rinkimu, naudojimu ir atskleidimu","robots":{"index":"index","follow":"follow","max-snippet":"max-snippet:-1","max-image-preview":"max-image-preview:large","max-video-preview":"max-video-preview:-1"},"canonical":"https:\/\/vaipruart.com\/en\/privatumo-politika\/","og_locale":"en_GB","og_type":"article","og_title":"Privatumo politika - VaiPru art","og_description":"\u0160ioje privatumo politikoje apra\u0161oma m\u016bs\u0173 svetain\u0117s politika ir proced\u016bros, susijusios su J\u016bs\u0173 informacijos rinkimu, naudojimu ir atskleidimu","og_url":"https:\/\/vaipruart.com\/en\/privatumo-politika\/","og_site_name":"VaiPru art","article_publisher":"https:\/\/www.facebook.com\/vaida.prusinskiene","article_modified_time":"2025-02-16T15:12:59+00:00","twitter_card":"summary_large_image","twitter_misc":{"Estimated reading time":"3 minutes"},"schema":{"@context":"https:\/\/schema.org","@graph":[{"@type":"WebPage","@id":"https:\/\/vaipruart.com\/privatumo-politika\/","url":"https:\/\/vaipruart.com\/privatumo-politika\/","name":"Privatumo politika - VaiPru art","isPartOf":{"@id":"https:\/\/vaipruart.com\/#website"},"datePublished":"2025-01-19T19:10:46+00:00","dateModified":"2025-02-16T15:12:59+00:00","description":"\u0160ioje privatumo politikoje apra\u0161oma m\u016bs\u0173 svetain\u0117s politika ir proced\u016bros, susijusios su J\u016bs\u0173 informacijos rinkimu, naudojimu ir atskleidimu","breadcrumb":{"@id":"https:\/\/vaipruart.com\/privatumo-politika\/#breadcrumb"},"inLanguage":"en-GB","potentialAction":[{"@type":"ReadAction","target":["https:\/\/vaipruart.com\/privatumo-politika\/"]}]},{"@type":"BreadcrumbList","@id":"https:\/\/vaipruart.com\/privatumo-politika\/#breadcrumb","itemListElement":[{"@type":"ListItem","position":1,"name":"Home","item":"https:\/\/vaipruart.com\/"},{"@type":"ListItem","position":2,"name":"Privatumo politika"}]},{"@type":"WebSite","@id":"https:\/\/vaipruart.com\/#website","url":"https:\/\/vaipruart.com\/","name":"VaiPru art","description":"Vienetiniai meno k\u016briniai \u2013 \u012esigykite original\u0173 \u0161iuolaikin\u012f men\u0105","publisher":{"@id":"https:\/\/vaipruart.com\/#\/schema\/person\/b4ee229fd0276e3be29be0726dd8247b"},"potentialAction":[{"@type":"SearchAction","target":{"@type":"EntryPoint","urlTemplate":"https:\/\/vaipruart.com\/?s={search_term_string}"},"query-input":{"@type":"PropertyValueSpecification","valueRequired":true,"valueName":"search_term_string"}}],"inLanguage":"en-GB"},{"@type":["Person","Organization"],"@id":"https:\/\/vaipruart.com\/#\/schema\/person\/b4ee229fd0276e3be29be0726dd8247b","name":"Vaida Prusinskiene","image":{"@type":"ImageObject","inLanguage":"en-GB","@id":"https:\/\/vaipruart.com\/wp-content\/uploads\/2025\/02\/as-scaled.jpg","url":"https:\/\/vaipruart.com\/wp-content\/uploads\/2025\/02\/as-scaled.jpg","contentUrl":"https:\/\/vaipruart.com\/wp-content\/uploads\/2025\/02\/as-scaled.jpg","width":2560,"height":1640,"caption":"Vaida Prusinskiene"},"logo":{"@id":"https:\/\/vaipruart.com\/wp-content\/uploads\/2025\/02\/as-scaled.jpg"},"sameAs":["http:\/\/vaipruart.com","https:\/\/www.facebook.com\/vaida.prusinskiene","https:\/\/www.instagram.com\/vaidaprusinskiene\/"]}]}},"_links":{"self":[{"href":"https:\/\/vaipruart.com\/en\/wp-json\/wp\/v2\/pages\/3","targetHints":{"allow":["GET"]}}],"collection":[{"href":"https:\/\/vaipruart.com\/en\/wp-json\/wp\/v2\/pages"}],"about":[{"href":"https:\/\/vaipruart.com\/en\/wp-json\/wp\/v2\/types\/page"}],"author":[{"embeddable":true,"href":"https:\/\/vaipruart.com\/en\/wp-json\/wp\/v2\/users\/1"}],"replies":[{"embeddable":true,"href":"https:\/\/vaipruart.com\/en\/wp-json\/wp\/v2\/comments?post=3"}],"version-history":[{"count":1,"href":"https:\/\/vaipruart.com\/en\/wp-json\/wp\/v2\/pages\/3\/revisions"}],"predecessor-version":[{"id":481,"href":"https:\/\/vaipruart.com\/en\/wp-json\/wp\/v2\/pages\/3\/revisions\/481"}],"wp:attachment":[{"href":"https:\/\/vaipruart.com\/en\/wp-json\/wp\/v2\/media?parent=3"}],"curies":[{"name":"wp","href":"https:\/\/api.w.org\/{rel}","templated":true}]}}