{"id":19,"date":"2025-01-19T19:31:02","date_gmt":"2025-01-19T19:31:02","guid":{"rendered":"https:\/\/vaipruart.com\/?page_id=19"},"modified":"2025-02-20T09:02:05","modified_gmt":"2025-02-20T07:02:05","slug":"kontaktai","status":"publish","type":"page","link":"https:\/\/vaipruart.com\/en\/kontaktai\/","title":{"rendered":"Contacts"},"content":{"rendered":"\t\t<div data-elementor-type=\"wp-page\" data-elementor-id=\"19\" class=\"elementor elementor-19\">\n\t\t\t\t<div class=\"elementor-element elementor-element-c372ce0 elementor-hidden-mobile elementor-hidden-tablet e-flex e-con-boxed e-con e-parent\" data-id=\"c372ce0\" data-element_type=\"container\" data-e-type=\"container\" data-settings=\"{&quot;background_background&quot;:&quot;classic&quot;}\">\n\t\t\t\t\t<div class=\"e-con-inner\">\n\t\t<div class=\"elementor-element elementor-element-85fd28b e-con-full e-flex e-con e-child\" data-id=\"85fd28b\" data-element_type=\"container\" data-e-type=\"container\">\n\t\t<div class=\"elementor-element elementor-element-fff7997 e-con-full e-flex elementor-invisible e-con e-child\" data-id=\"fff7997\" data-element_type=\"container\" data-e-type=\"container\" data-settings=\"{&quot;animation&quot;:&quot;fadeInLeft&quot;,&quot;animation_delay&quot;:100}\">\n\t\t\t\t<div class=\"elementor-element elementor-element-d5d6435 elementor-widget elementor-widget-heading\" data-id=\"d5d6435\" data-element_type=\"widget\" data-e-type=\"widget\" data-widget_type=\"heading.default\">\n\t\t\t\t\t<h1 class=\"elementor-heading-title elementor-size-default\">MANO <span class=\"main-color\">KONTAKTAI<\/span> <\/h1>\t\t\t\t<\/div>\n\t\t\t\t<div class=\"elementor-element elementor-element-f2c4fc8 elementor-widget elementor-widget-text-editor\" data-id=\"f2c4fc8\" data-element_type=\"widget\" data-e-type=\"widget\" data-widget_type=\"text-editor.default\">\n\t\t\t\t\t\t\t\t\t<p>Turite man klausim\u0173? Kvie\u010diu u\u017epildyti kontakt\u0173 form\u0105 ir a\u0161 pasistengsiu atsakyti \u012f visus j\u016bs\u0173 klausimus.<\/p>\t\t\t\t\t\t\t\t<\/div>\n\t\t\t\t<div class=\"elementor-element elementor-element-dd18311 kontaktu-forma elementor-widget elementor-widget-shortcode\" data-id=\"dd18311\" data-element_type=\"widget\" data-e-type=\"widget\" data-widget_type=\"shortcode.default\">\n\t\t\t\t\t\t\t<div class=\"elementor-shortcode\"><div class=\"wpforms-container wpforms-render-modern\" id=\"wpforms-435\"><form id=\"wpforms-form-435\" class=\"wpforms-validate wpforms-form wpforms-ajax-form\" data-formid=\"435\" method=\"post\" enctype=\"multipart\/form-data\" action=\"\/en\/wp-json\/wp\/v2\/pages\/19\" data-token=\"ad262e1b1a6ed37e1f2d43ae4d60e428\" data-token-time=\"1776688901\"><noscript class=\"wpforms-error-noscript\">Please enable JavaScript in your browser to complete this form.<\/noscript><div id=\"wpforms-error-noscript\" style=\"display: none;\">Please enable JavaScript in your browser to complete this form.<\/div><div class=\"wpforms-field-container\"><div id=\"wpforms-435-field_1-container\" class=\"wpforms-field wpforms-field-name\" data-field-id=\"1\"><label class=\"wpforms-field-label\" for=\"wpforms-435-field_1\">Vardas<\/label><input type=\"text\" id=\"wpforms-435-field_1\" class=\"wpforms-field-large\" name=\"wpforms[fields][1]\" aria-errormessage=\"wpforms-435-field_1-error\" ><\/div><div id=\"wpforms-435-field_2-container\" class=\"wpforms-field wpforms-field-email\" data-field-id=\"2\"><label class=\"wpforms-field-label\" for=\"wpforms-435-field_2\">El. pa\u0161tas <span class=\"wpforms-required-label\" aria-hidden=\"true\">*<\/span><\/label><input type=\"email\" id=\"wpforms-435-field_2\" class=\"wpforms-field-large wpforms-field-required\" name=\"wpforms[fields][2]\" spellcheck=\"false\" aria-errormessage=\"wpforms-435-field_2-error\" required><\/div><div id=\"wpforms-435-field_3-container\" class=\"wpforms-field wpforms-field-textarea\" data-field-id=\"3\"><label class=\"wpforms-field-label\" for=\"wpforms-435-field_3\">J\u016bs\u0173 \u017einut\u0117 man <span class=\"wpforms-required-label\" aria-hidden=\"true\">*<\/span><\/label><textarea id=\"wpforms-435-field_3\" class=\"wpforms-field-medium wpforms-field-required\" name=\"wpforms[fields][3]\" aria-errormessage=\"wpforms-435-field_3-error\" required><\/textarea><\/div>\t\t<div id=\"wpforms-435-field_5-container\"\n\t\t\tclass=\"wpforms-field wpforms-field-text\"\n\t\t\tdata-field-type=\"text\"\n\t\t\tdata-field-id=\"5\"\n\t\t\t>\n\t\t\t<label class=\"wpforms-field-label\" for=\"wpforms-435-field_5\" >El. pa\u0161tas \u017einut\u0117<\/label>\n\t\t\t<input type=\"text\" id=\"wpforms-435-field_5\" class=\"wpforms-field-medium\" name=\"wpforms[fields][5]\" >\n\t\t<\/div>\n\t\t<div id=\"wpforms-435-field_4-container\" class=\"wpforms-field wpforms-field-checkbox\" data-field-id=\"4\"><fieldset><legend class=\"wpforms-field-label wpforms-label-hide\" aria-hidden=\"false\"> <span class=\"wpforms-required-label\" aria-hidden=\"true\">*<\/span><\/legend><ul id=\"wpforms-435-field_4\" class=\"wpforms-field-required\"><li class=\"choice-1 depth-1\"><input type=\"checkbox\" id=\"wpforms-435-field_4_1\" name=\"wpforms[fields][4][]\" value=\"Sutinku, kad mano el. pa\u0161to adresas bus naudojamas atsakyti \u012f mano u\u017eklaus\u0105\" aria-errormessage=\"wpforms-435-field_4_1-error\" required ><label class=\"wpforms-field-label-inline\" for=\"wpforms-435-field_4_1\">Sutinku, kad mano el. pa\u0161to adresas bus naudojamas atsakyti \u012f mano u\u017eklaus\u0105<\/label><\/li><\/ul><\/fieldset><\/div><script>\n\t\t\t\t( function() {\n\t\t\t\t\tconst style = document.createElement( 'style' );\n\t\t\t\t\tstyle.appendChild( document.createTextNode( '#wpforms-435-field_5-container { position: absolute !important; overflow: hidden !important; display: inline !important; height: 1px !important; width: 1px !important; z-index: -1000 !important; padding: 0 !important; } #wpforms-435-field_5-container input { visibility: hidden; } #wpforms-conversational-form-page #wpforms-435-field_5-container label { counter-increment: none; }' ) );\n\t\t\t\t\tdocument.head.appendChild( style );\n\t\t\t\t\tdocument.currentScript?.remove();\n\t\t\t\t} )();\n\t\t\t<\/script><\/div><!-- .wpforms-field-container --><div class=\"wpforms-recaptcha-container wpforms-is-recaptcha wpforms-is-recaptcha-type-v3\" ><input type=\"hidden\" name=\"wpforms[recaptcha]\" value=\"\"><\/div><div class=\"wpforms-submit-container\" ><input type=\"hidden\" name=\"wpforms[id]\" value=\"435\"><input type=\"hidden\" name=\"page_title\" value=\"\"><input type=\"hidden\" name=\"page_url\" value=\"https:\/\/vaipruart.com\/en\/wp-json\/wp\/v2\/pages\/19\"><input type=\"hidden\" name=\"url_referer\" value=\"\"><button type=\"submit\" name=\"wpforms[submit]\" id=\"wpforms-submit-435\" class=\"wpforms-submit\" data-alt-text=\"Siun\u010diama...\" data-submit-text=\"Si\u0173sti\" aria-live=\"assertive\" value=\"wpforms-submit\">Si\u0173sti<\/button><img decoding=\"async\" src=\"https:\/\/vaipruart.com\/wp-content\/plugins\/wpforms-lite\/assets\/images\/submit-spin.svg\" class=\"wpforms-submit-spinner\" style=\"display: none;\" width=\"26\" height=\"26\" alt=\"Loading\"><\/div><\/form><\/div>  <!-- .wpforms-container --><\/div>\n\t\t\t\t\t\t<\/div>\n\t\t\t\t<\/div>\n\t\t<div class=\"elementor-element elementor-element-cb72b03 e-con-full animated-slow e-flex elementor-invisible e-con e-child\" data-id=\"cb72b03\" data-element_type=\"container\" data-e-type=\"container\" data-settings=\"{&quot;background_background&quot;:&quot;classic&quot;,&quot;animation&quot;:&quot;fadeInLeft&quot;,&quot;animation_delay&quot;:400}\">\n\t\t\t\t<\/div>\n\t\t\t\t<\/div>\n\t\t\t\t\t<\/div>\n\t\t\t\t<\/div>\n\t\t<div class=\"elementor-element elementor-element-822998a elementor-hidden-desktop e-flex e-con-boxed e-con e-parent\" data-id=\"822998a\" data-element_type=\"container\" data-e-type=\"container\" data-settings=\"{&quot;background_background&quot;:&quot;classic&quot;}\">\n\t\t\t\t\t<div class=\"e-con-inner\">\n\t\t<div class=\"elementor-element elementor-element-4bf3365 e-con-full e-flex e-con e-child\" data-id=\"4bf3365\" data-element_type=\"container\" data-e-type=\"container\" data-settings=\"{&quot;animation_tablet&quot;:&quot;fadeInUp&quot;}\">\n\t\t<div class=\"elementor-element elementor-element-6f4c8f2 e-con-full animated-slow e-flex elementor-invisible e-con e-child\" data-id=\"6f4c8f2\" data-element_type=\"container\" data-e-type=\"container\" data-settings=\"{&quot;background_background&quot;:&quot;classic&quot;,&quot;animation&quot;:&quot;fadeInLeft&quot;,&quot;animation_delay&quot;:400}\">\n\t\t\t\t<\/div>\n\t\t<div class=\"elementor-element elementor-element-c9114e0 e-con-full e-flex elementor-invisible e-con e-child\" data-id=\"c9114e0\" data-element_type=\"container\" data-e-type=\"container\" data-settings=\"{&quot;animation&quot;:&quot;fadeInLeft&quot;,&quot;animation_delay&quot;:100,&quot;animation_tablet&quot;:&quot;none&quot;}\">\n\t\t\t\t<div class=\"elementor-element elementor-element-f9aae8f elementor-widget elementor-widget-heading\" data-id=\"f9aae8f\" data-element_type=\"widget\" data-e-type=\"widget\" data-widget_type=\"heading.default\">\n\t\t\t\t\t<h1 class=\"elementor-heading-title elementor-size-default\">MANO <span class=\"main-color\">KONTAKTAI<\/span> <\/h1>\t\t\t\t<\/div>\n\t\t\t\t<div class=\"elementor-element elementor-element-92d4d34 elementor-widget elementor-widget-text-editor\" data-id=\"92d4d34\" data-element_type=\"widget\" data-e-type=\"widget\" data-widget_type=\"text-editor.default\">\n\t\t\t\t\t\t\t\t\t<p>Turite man klausim\u0173? Kvie\u010diu u\u017epildyti kontakt\u0173 form\u0105 ir a\u0161 pasistengsiu atsakyti \u012f visus j\u016bs\u0173 klausimus.<\/p>\t\t\t\t\t\t\t\t<\/div>\n\t\t\t\t<div class=\"elementor-element elementor-element-5f50409 elementor-widget elementor-widget-shortcode\" data-id=\"5f50409\" data-element_type=\"widget\" data-e-type=\"widget\" data-widget_type=\"shortcode.default\">\n\t\t\t\t\t\t\t<div class=\"elementor-shortcode\"><div class=\"wpforms-container wpforms-render-modern\" id=\"wpforms-435\"><form id=\"wpforms-form-435\" class=\"wpforms-validate wpforms-form wpforms-ajax-form\" data-formid=\"435\" method=\"post\" enctype=\"multipart\/form-data\" action=\"\/en\/wp-json\/wp\/v2\/pages\/19\" data-token=\"ad262e1b1a6ed37e1f2d43ae4d60e428\" data-token-time=\"1776688901\"><noscript class=\"wpforms-error-noscript\">Please enable JavaScript in your browser to complete this form.<\/noscript><div id=\"wpforms-error-noscript\" style=\"display: none;\">Please enable JavaScript in your browser to complete this form.<\/div><div class=\"wpforms-field-container\">\t\t<div id=\"wpforms-435-field_5-container\"\n\t\t\tclass=\"wpforms-field wpforms-field-text\"\n\t\t\tdata-field-type=\"text\"\n\t\t\tdata-field-id=\"5\"\n\t\t\t>\n\t\t\t<label class=\"wpforms-field-label\" for=\"wpforms-435-field_5\" >J\u016bs\u0173 Vardas El.<\/label>\n\t\t\t<input type=\"text\" id=\"wpforms-435-field_5\" class=\"wpforms-field-medium\" name=\"wpforms[fields][5]\" >\n\t\t<\/div>\n\t\t<div id=\"wpforms-435-field_1-container\" class=\"wpforms-field wpforms-field-name\" data-field-id=\"1\"><label class=\"wpforms-field-label\" for=\"wpforms-435-field_1\">Vardas<\/label><input type=\"text\" id=\"wpforms-435-field_1\" class=\"wpforms-field-large\" name=\"wpforms[fields][1]\" aria-errormessage=\"wpforms-435-field_1-error\" ><\/div><div id=\"wpforms-435-field_2-container\" class=\"wpforms-field wpforms-field-email\" data-field-id=\"2\"><label class=\"wpforms-field-label\" for=\"wpforms-435-field_2\">El. pa\u0161tas <span class=\"wpforms-required-label\" aria-hidden=\"true\">*<\/span><\/label><input type=\"email\" id=\"wpforms-435-field_2\" class=\"wpforms-field-large wpforms-field-required\" name=\"wpforms[fields][2]\" spellcheck=\"false\" aria-errormessage=\"wpforms-435-field_2-error\" required><\/div><div id=\"wpforms-435-field_3-container\" class=\"wpforms-field wpforms-field-textarea\" data-field-id=\"3\"><label class=\"wpforms-field-label\" for=\"wpforms-435-field_3\">J\u016bs\u0173 \u017einut\u0117 man <span class=\"wpforms-required-label\" aria-hidden=\"true\">*<\/span><\/label><textarea id=\"wpforms-435-field_3\" class=\"wpforms-field-medium wpforms-field-required\" name=\"wpforms[fields][3]\" aria-errormessage=\"wpforms-435-field_3-error\" required><\/textarea><\/div><div id=\"wpforms-435-field_4-container\" class=\"wpforms-field wpforms-field-checkbox\" data-field-id=\"4\"><fieldset><legend class=\"wpforms-field-label wpforms-label-hide\" aria-hidden=\"false\"> <span class=\"wpforms-required-label\" aria-hidden=\"true\">*<\/span><\/legend><ul id=\"wpforms-435-field_4\" class=\"wpforms-field-required\"><li class=\"choice-1 depth-1\"><input type=\"checkbox\" id=\"wpforms-435-field_4_1\" name=\"wpforms[fields][4][]\" value=\"Sutinku, kad mano el. pa\u0161to adresas bus naudojamas atsakyti \u012f mano u\u017eklaus\u0105\" aria-errormessage=\"wpforms-435-field_4_1-error\" required ><label class=\"wpforms-field-label-inline\" for=\"wpforms-435-field_4_1\">Sutinku, kad mano el. pa\u0161to adresas bus naudojamas atsakyti \u012f mano u\u017eklaus\u0105<\/label><\/li><\/ul><\/fieldset><\/div><script>\n\t\t\t\t( function() {\n\t\t\t\t\tconst style = document.createElement( 'style' );\n\t\t\t\t\tstyle.appendChild( document.createTextNode( '#wpforms-435-field_5-container { position: absolute !important; overflow: hidden !important; display: inline !important; height: 1px !important; width: 1px !important; z-index: -1000 !important; padding: 0 !important; } #wpforms-435-field_5-container input { visibility: hidden; } #wpforms-conversational-form-page #wpforms-435-field_5-container label { counter-increment: none; }' ) );\n\t\t\t\t\tdocument.head.appendChild( style );\n\t\t\t\t\tdocument.currentScript?.remove();\n\t\t\t\t} )();\n\t\t\t<\/script><\/div><!-- .wpforms-field-container --><div class=\"wpforms-recaptcha-container wpforms-is-recaptcha wpforms-is-recaptcha-type-v3\" ><input type=\"hidden\" name=\"wpforms[recaptcha]\" value=\"\"><\/div><div class=\"wpforms-submit-container\" ><input type=\"hidden\" name=\"wpforms[id]\" value=\"435\"><input type=\"hidden\" name=\"page_title\" value=\"\"><input type=\"hidden\" name=\"page_url\" value=\"https:\/\/vaipruart.com\/en\/wp-json\/wp\/v2\/pages\/19\"><input type=\"hidden\" name=\"url_referer\" value=\"\"><button type=\"submit\" name=\"wpforms[submit]\" id=\"wpforms-submit-435\" class=\"wpforms-submit\" data-alt-text=\"Siun\u010diama...\" data-submit-text=\"Si\u0173sti\" aria-live=\"assertive\" value=\"wpforms-submit\">Si\u0173sti<\/button><img decoding=\"async\" src=\"https:\/\/vaipruart.com\/wp-content\/plugins\/wpforms-lite\/assets\/images\/submit-spin.svg\" class=\"wpforms-submit-spinner\" style=\"display: none;\" width=\"26\" height=\"26\" alt=\"Loading\"><\/div><\/form><\/div>  <!-- .wpforms-container --><\/div>\n\t\t\t\t\t\t<\/div>\n\t\t\t\t<\/div>\n\t\t\t\t<\/div>\n\t\t\t\t\t<\/div>\n\t\t\t\t<\/div>\n\t\t\t\t<\/div>\n\t\t","protected":false},"excerpt":{"rendered":"<p>MANO KONTAKTAI Turite man klausim\u0173? Kvie\u010diu u\u017epildyti kontakt\u0173 form\u0105 ir a\u0161 pasistengsiu atsakyti \u012f visus j\u016bs\u0173 klausimus. MANO KONTAKTAI Turite man klausim\u0173? Kvie\u010diu u\u017epildyti kontakt\u0173 form\u0105 ir a\u0161 pasistengsiu atsakyti \u012f visus j\u016bs\u0173 klausimus.<\/p>","protected":false},"author":1,"featured_media":0,"parent":0,"menu_order":0,"comment_status":"closed","ping_status":"closed","template":"elementor_header_footer","meta":{"footnotes":""},"class_list":["post-19","page","type-page","status-publish","hentry"],"blocksy_meta":[],"yoast_head":"<!-- This site is optimized with the Yoast SEO plugin v27.4 - https:\/\/yoast.com\/product\/yoast-seo-wordpress\/ -->\n<title>Kontaktai - VaiPru art<\/title>\n<meta name=\"description\" content=\"Susisiekite d\u0117l unikali\u0173 paveiksl\u0173 \u012fsigijimo ar individuali\u0173 u\u017esakym\u0173. Atraskime kartu meno k\u016brin\u012f, kuris praturtins j\u016bs\u0173 erdv\u0119.\" \/>\n<meta name=\"robots\" content=\"index, follow, max-snippet:-1, max-image-preview:large, max-video-preview:-1\" \/>\n<link rel=\"canonical\" href=\"https:\/\/vaipruart.com\/en\/kontaktai\/\" \/>\n<meta property=\"og:locale\" content=\"en_GB\" \/>\n<meta property=\"og:type\" content=\"article\" \/>\n<meta property=\"og:title\" content=\"Kontaktai - VaiPru art\" \/>\n<meta property=\"og:description\" content=\"Susisiekite d\u0117l unikali\u0173 paveiksl\u0173 \u012fsigijimo ar individuali\u0173 u\u017esakym\u0173. Atraskime kartu meno k\u016brin\u012f, kuris praturtins j\u016bs\u0173 erdv\u0119.\" \/>\n<meta property=\"og:url\" content=\"https:\/\/vaipruart.com\/en\/kontaktai\/\" \/>\n<meta property=\"og:site_name\" content=\"VaiPru art\" \/>\n<meta property=\"article:publisher\" content=\"https:\/\/www.facebook.com\/vaida.prusinskiene\" \/>\n<meta property=\"article:modified_time\" content=\"2025-02-20T07:02:05+00:00\" \/>\n<meta name=\"twitter:card\" content=\"summary_large_image\" \/>\n<script type=\"application\/ld+json\" class=\"yoast-schema-graph\">{\"@context\":\"https:\\\/\\\/schema.org\",\"@graph\":[{\"@type\":\"WebPage\",\"@id\":\"https:\\\/\\\/vaipruart.com\\\/kontaktai\\\/\",\"url\":\"https:\\\/\\\/vaipruart.com\\\/kontaktai\\\/\",\"name\":\"Kontaktai - VaiPru art\",\"isPartOf\":{\"@id\":\"https:\\\/\\\/vaipruart.com\\\/#website\"},\"datePublished\":\"2025-01-19T19:31:02+00:00\",\"dateModified\":\"2025-02-20T07:02:05+00:00\",\"description\":\"Susisiekite d\u0117l unikali\u0173 paveiksl\u0173 \u012fsigijimo ar individuali\u0173 u\u017esakym\u0173. Atraskime kartu meno k\u016brin\u012f, kuris praturtins j\u016bs\u0173 erdv\u0119.\",\"breadcrumb\":{\"@id\":\"https:\\\/\\\/vaipruart.com\\\/kontaktai\\\/#breadcrumb\"},\"inLanguage\":\"en-GB\",\"potentialAction\":[{\"@type\":\"ReadAction\",\"target\":[\"https:\\\/\\\/vaipruart.com\\\/kontaktai\\\/\"]}]},{\"@type\":\"BreadcrumbList\",\"@id\":\"https:\\\/\\\/vaipruart.com\\\/kontaktai\\\/#breadcrumb\",\"itemListElement\":[{\"@type\":\"ListItem\",\"position\":1,\"name\":\"Home\",\"item\":\"https:\\\/\\\/vaipruart.com\\\/\"},{\"@type\":\"ListItem\",\"position\":2,\"name\":\"Kontaktai\"}]},{\"@type\":\"WebSite\",\"@id\":\"https:\\\/\\\/vaipruart.com\\\/#website\",\"url\":\"https:\\\/\\\/vaipruart.com\\\/\",\"name\":\"VaiPru art\",\"description\":\"Vienetiniai meno k\u016briniai \u2013 \u012esigykite original\u0173 \u0161iuolaikin\u012f men\u0105\",\"publisher\":{\"@id\":\"https:\\\/\\\/vaipruart.com\\\/#\\\/schema\\\/person\\\/b4ee229fd0276e3be29be0726dd8247b\"},\"potentialAction\":[{\"@type\":\"SearchAction\",\"target\":{\"@type\":\"EntryPoint\",\"urlTemplate\":\"https:\\\/\\\/vaipruart.com\\\/?s={search_term_string}\"},\"query-input\":{\"@type\":\"PropertyValueSpecification\",\"valueRequired\":true,\"valueName\":\"search_term_string\"}}],\"inLanguage\":\"en-GB\"},{\"@type\":[\"Person\",\"Organization\"],\"@id\":\"https:\\\/\\\/vaipruart.com\\\/#\\\/schema\\\/person\\\/b4ee229fd0276e3be29be0726dd8247b\",\"name\":\"Vaida Prusinskiene\",\"image\":{\"@type\":\"ImageObject\",\"inLanguage\":\"en-GB\",\"@id\":\"https:\\\/\\\/vaipruart.com\\\/wp-content\\\/uploads\\\/2025\\\/02\\\/as-scaled.jpg\",\"url\":\"https:\\\/\\\/vaipruart.com\\\/wp-content\\\/uploads\\\/2025\\\/02\\\/as-scaled.jpg\",\"contentUrl\":\"https:\\\/\\\/vaipruart.com\\\/wp-content\\\/uploads\\\/2025\\\/02\\\/as-scaled.jpg\",\"width\":2560,\"height\":1640,\"caption\":\"Vaida Prusinskiene\"},\"logo\":{\"@id\":\"https:\\\/\\\/vaipruart.com\\\/wp-content\\\/uploads\\\/2025\\\/02\\\/as-scaled.jpg\"},\"sameAs\":[\"http:\\\/\\\/vaipruart.com\",\"https:\\\/\\\/www.facebook.com\\\/vaida.prusinskiene\",\"https:\\\/\\\/www.instagram.com\\\/vaidaprusinskiene\\\/\"]}]}<\/script>\n<!-- \/ Yoast SEO plugin. -->","yoast_head_json":{"title":"Kontaktai - VaiPru art","description":"Susisiekite d\u0117l unikali\u0173 paveiksl\u0173 \u012fsigijimo ar individuali\u0173 u\u017esakym\u0173. Atraskime kartu meno k\u016brin\u012f, kuris praturtins j\u016bs\u0173 erdv\u0119.","robots":{"index":"index","follow":"follow","max-snippet":"max-snippet:-1","max-image-preview":"max-image-preview:large","max-video-preview":"max-video-preview:-1"},"canonical":"https:\/\/vaipruart.com\/en\/kontaktai\/","og_locale":"en_GB","og_type":"article","og_title":"Kontaktai - VaiPru art","og_description":"Susisiekite d\u0117l unikali\u0173 paveiksl\u0173 \u012fsigijimo ar individuali\u0173 u\u017esakym\u0173. Atraskime kartu meno k\u016brin\u012f, kuris praturtins j\u016bs\u0173 erdv\u0119.","og_url":"https:\/\/vaipruart.com\/en\/kontaktai\/","og_site_name":"VaiPru art","article_publisher":"https:\/\/www.facebook.com\/vaida.prusinskiene","article_modified_time":"2025-02-20T07:02:05+00:00","twitter_card":"summary_large_image","schema":{"@context":"https:\/\/schema.org","@graph":[{"@type":"WebPage","@id":"https:\/\/vaipruart.com\/kontaktai\/","url":"https:\/\/vaipruart.com\/kontaktai\/","name":"Kontaktai - VaiPru art","isPartOf":{"@id":"https:\/\/vaipruart.com\/#website"},"datePublished":"2025-01-19T19:31:02+00:00","dateModified":"2025-02-20T07:02:05+00:00","description":"Susisiekite d\u0117l unikali\u0173 paveiksl\u0173 \u012fsigijimo ar individuali\u0173 u\u017esakym\u0173. Atraskime kartu meno k\u016brin\u012f, kuris praturtins j\u016bs\u0173 erdv\u0119.","breadcrumb":{"@id":"https:\/\/vaipruart.com\/kontaktai\/#breadcrumb"},"inLanguage":"en-GB","potentialAction":[{"@type":"ReadAction","target":["https:\/\/vaipruart.com\/kontaktai\/"]}]},{"@type":"BreadcrumbList","@id":"https:\/\/vaipruart.com\/kontaktai\/#breadcrumb","itemListElement":[{"@type":"ListItem","position":1,"name":"Home","item":"https:\/\/vaipruart.com\/"},{"@type":"ListItem","position":2,"name":"Kontaktai"}]},{"@type":"WebSite","@id":"https:\/\/vaipruart.com\/#website","url":"https:\/\/vaipruart.com\/","name":"VaiPru art","description":"Vienetiniai meno k\u016briniai \u2013 \u012esigykite original\u0173 \u0161iuolaikin\u012f men\u0105","publisher":{"@id":"https:\/\/vaipruart.com\/#\/schema\/person\/b4ee229fd0276e3be29be0726dd8247b"},"potentialAction":[{"@type":"SearchAction","target":{"@type":"EntryPoint","urlTemplate":"https:\/\/vaipruart.com\/?s={search_term_string}"},"query-input":{"@type":"PropertyValueSpecification","valueRequired":true,"valueName":"search_term_string"}}],"inLanguage":"en-GB"},{"@type":["Person","Organization"],"@id":"https:\/\/vaipruart.com\/#\/schema\/person\/b4ee229fd0276e3be29be0726dd8247b","name":"Vaida Prusinskiene","image":{"@type":"ImageObject","inLanguage":"en-GB","@id":"https:\/\/vaipruart.com\/wp-content\/uploads\/2025\/02\/as-scaled.jpg","url":"https:\/\/vaipruart.com\/wp-content\/uploads\/2025\/02\/as-scaled.jpg","contentUrl":"https:\/\/vaipruart.com\/wp-content\/uploads\/2025\/02\/as-scaled.jpg","width":2560,"height":1640,"caption":"Vaida Prusinskiene"},"logo":{"@id":"https:\/\/vaipruart.com\/wp-content\/uploads\/2025\/02\/as-scaled.jpg"},"sameAs":["http:\/\/vaipruart.com","https:\/\/www.facebook.com\/vaida.prusinskiene","https:\/\/www.instagram.com\/vaidaprusinskiene\/"]}]}},"_links":{"self":[{"href":"https:\/\/vaipruart.com\/en\/wp-json\/wp\/v2\/pages\/19","targetHints":{"allow":["GET"]}}],"collection":[{"href":"https:\/\/vaipruart.com\/en\/wp-json\/wp\/v2\/pages"}],"about":[{"href":"https:\/\/vaipruart.com\/en\/wp-json\/wp\/v2\/types\/page"}],"author":[{"embeddable":true,"href":"https:\/\/vaipruart.com\/en\/wp-json\/wp\/v2\/users\/1"}],"replies":[{"embeddable":true,"href":"https:\/\/vaipruart.com\/en\/wp-json\/wp\/v2\/comments?post=19"}],"version-history":[{"count":1,"href":"https:\/\/vaipruart.com\/en\/wp-json\/wp\/v2\/pages\/19\/revisions"}],"predecessor-version":[{"id":550,"href":"https:\/\/vaipruart.com\/en\/wp-json\/wp\/v2\/pages\/19\/revisions\/550"}],"wp:attachment":[{"href":"https:\/\/vaipruart.com\/en\/wp-json\/wp\/v2\/media?parent=19"}],"curies":[{"name":"wp","href":"https:\/\/api.w.org\/{rel}","templated":true}]}}