{"id":17,"date":"2025-01-19T19:30:48","date_gmt":"2025-01-19T19:30:48","guid":{"rendered":"https:\/\/vaipruart.com\/?page_id=17"},"modified":"2025-02-20T09:00:53","modified_gmt":"2025-02-20T07:00:53","slug":"apie-mane","status":"publish","type":"page","link":"https:\/\/vaipruart.com\/en\/apie-mane\/","title":{"rendered":"About me"},"content":{"rendered":"<div data-elementor-type=\"wp-page\" data-elementor-id=\"17\" class=\"elementor elementor-17\">\n\t\t\t\t<div class=\"elementor-element elementor-element-aae21ad elementor-hidden-mobile elementor-hidden-tablet e-flex e-con-boxed e-con e-parent\" data-id=\"aae21ad\" data-element_type=\"container\" data-e-type=\"container\" data-settings=\"{&quot;background_background&quot;:&quot;classic&quot;}\">\n\t\t\t\t\t<div class=\"e-con-inner\">\n\t\t<div class=\"elementor-element elementor-element-a4bf10d e-con-full e-flex e-con e-child\" data-id=\"a4bf10d\" data-element_type=\"container\" data-e-type=\"container\">\n\t\t<div class=\"elementor-element elementor-element-1bcf7c2 e-con-full e-flex elementor-invisible e-con e-child\" data-id=\"1bcf7c2\" data-element_type=\"container\" data-e-type=\"container\" data-settings=\"{&quot;animation&quot;:&quot;fadeInLeft&quot;,&quot;animation_delay&quot;:100}\">\n\t\t\t\t<div class=\"elementor-element elementor-element-6e92b5a elementor-widget elementor-widget-heading\" data-id=\"6e92b5a\" data-element_type=\"widget\" data-e-type=\"widget\" data-widget_type=\"heading.default\">\n\t\t\t\t\t<h1 class=\"elementor-heading-title elementor-size-default\"><span class=\"main-color\">ABOUT<\/span> ME<\/h1>\t\t\t\t<\/div>\n\t\t\t\t<div class=\"elementor-element elementor-element-e2421d2 elementor-widget elementor-widget-text-editor\" data-id=\"e2421d2\" data-element_type=\"widget\" data-e-type=\"widget\" data-widget_type=\"text-editor.default\">\n\t\t\t\t\t\t\t\t\t<p data-pm-slice=\"1 1 []\">I am <strong>Artist Vaida Pru\u0161inskien\u0117<\/strong> - artist and musician from Lithuania. Painting is an integral part of my life, leading me on a path of self-expression, peace and discovery.<\/p><p>My artistic journey:<br \/>I was born and raised in K\u0117dainiai. I graduated from <strong>the Panev\u0117\u017eys Conservatory<\/strong> and <strong>\u0160iauliai University<\/strong>and I continued to improve my skills in an art studio. I started painting while searching for new ways to express myself.<\/p><p>I discovered <strong>the technique of color pouring and abstract art<\/strong>, which allows me to convey emotions, experiences, and my inner world. Each brushstroke is unique, and painting becomes not just a process but an adventure where I can never predict the final result.<\/p><p>Muzika taip pat yra neatsiejama mano k\u016brybos dalis. Ji padeda spalvoms suskamb\u0117ti drob\u0117je, suteikia paveikslams gylio ir emocinio \u012ftaigumo.<\/p>\t\t\t\t\t\t\t\t<\/div>\n\t\t\t\t<\/div>\n\t\t<div class=\"elementor-element elementor-element-1526c03 e-con-full animated-slow e-flex elementor-invisible e-con e-child\" data-id=\"1526c03\" data-element_type=\"container\" data-e-type=\"container\" data-settings=\"{&quot;background_background&quot;:&quot;classic&quot;,&quot;animation&quot;:&quot;fadeInLeft&quot;,&quot;animation_delay&quot;:400}\">\n\t\t\t\t<\/div>\n\t\t\t\t<\/div>\n\t\t\t\t\t<\/div>\n\t\t\t\t<\/div>\n\t\t<div class=\"elementor-element elementor-element-3fd4783 elementor-hidden-desktop e-flex e-con-boxed e-con e-parent\" data-id=\"3fd4783\" data-element_type=\"container\" data-e-type=\"container\" data-settings=\"{&quot;background_background&quot;:&quot;classic&quot;}\">\n\t\t\t\t\t<div class=\"e-con-inner\">\n\t\t<div class=\"elementor-element elementor-element-0a33f0f e-con-full e-flex e-con e-child\" data-id=\"0a33f0f\" data-element_type=\"container\" data-e-type=\"container\">\n\t\t<div class=\"elementor-element elementor-element-9777a14 e-con-full e-flex elementor-invisible e-con e-child\" data-id=\"9777a14\" data-element_type=\"container\" data-e-type=\"container\" data-settings=\"{&quot;animation&quot;:&quot;fadeInLeft&quot;,&quot;animation_delay&quot;:100}\">\n\t\t<div class=\"elementor-element elementor-element-2e1b596 e-con-full animated-slow e-flex elementor-invisible e-con e-child\" data-id=\"2e1b596\" data-element_type=\"container\" data-e-type=\"container\" data-settings=\"{&quot;background_background&quot;:&quot;classic&quot;,&quot;animation&quot;:&quot;fadeInLeft&quot;,&quot;animation_delay&quot;:200,&quot;animation_tablet&quot;:&quot;fadeInUp&quot;}\">\n\t\t\t\t<\/div>\n\t\t\t\t<div class=\"elementor-element elementor-element-38b99d0 elementor-widget elementor-widget-heading\" data-id=\"38b99d0\" data-element_type=\"widget\" data-e-type=\"widget\" data-settings=\"{&quot;_animation_tablet&quot;:&quot;none&quot;}\" data-widget_type=\"heading.default\">\n\t\t\t\t\t<h2 class=\"elementor-heading-title elementor-size-default\">ABOUT <span class=\"main-color\">ME<\/span> <\/h2>\t\t\t\t<\/div>\n\t\t\t\t<div class=\"elementor-element elementor-element-f6f10dc elementor-widget elementor-widget-text-editor\" data-id=\"f6f10dc\" data-element_type=\"widget\" data-e-type=\"widget\" data-widget_type=\"text-editor.default\">\n\t\t\t\t\t\t\t\t\t<p data-pm-slice=\"1 1 []\">I am <strong>Artist Vaida Pru\u0161inskien\u0117<\/strong> - artist and musician from Lithuania. Painting is an integral part of my life, leading me on a path of self-expression, peace and discovery.<\/p><p>My artistic journey:<br \/>I was born and raised in K\u0117dainiai. I graduated from <strong>the Panev\u0117\u017eys Conservatory<\/strong> and <strong>\u0160iauliai University<\/strong>and I continued to improve my skills in an art studio. I started painting while searching for new ways to express myself.<\/p><p>I discovered <strong>the technique of color pouring and abstract art<\/strong>, which allows me to convey emotions, experiences, and my inner world. Each brushstroke is unique, and painting becomes not just a process but an adventure where I can never predict the final result.<\/p><p>Muzika taip pat yra neatsiejama mano k\u016brybos dalis. Ji padeda spalvoms suskamb\u0117ti drob\u0117je, suteikia paveikslams gylio ir emocinio \u012ftaigumo.<\/p>\t\t\t\t\t\t\t\t<\/div>\n\t\t\t\t<\/div>\n\t\t\t\t<\/div>\n\t\t\t\t\t<\/div>\n\t\t\t\t<\/div>\n\t\t<div class=\"elementor-element elementor-element-d03421f elementor-hidden-mobile elementor-hidden-tablet e-flex e-con-boxed e-con e-parent\" data-id=\"d03421f\" data-element_type=\"container\" data-e-type=\"container\" data-settings=\"{&quot;background_background&quot;:&quot;classic&quot;}\">\n\t\t\t\t\t<div class=\"e-con-inner\">\n\t\t<div class=\"elementor-element elementor-element-1917caa e-con-full e-flex e-con e-child\" data-id=\"1917caa\" data-element_type=\"container\" data-e-type=\"container\">\n\t\t<div class=\"elementor-element elementor-element-335bb1f e-con-full animated-slow e-flex elementor-invisible e-con e-child\" data-id=\"335bb1f\" data-element_type=\"container\" data-e-type=\"container\" data-settings=\"{&quot;background_background&quot;:&quot;classic&quot;,&quot;animation&quot;:&quot;fadeInLeft&quot;,&quot;animation_delay&quot;:100}\">\n\t\t\t\t<\/div>\n\t\t<div class=\"elementor-element elementor-element-1fc0086 e-con-full e-flex elementor-invisible e-con e-child\" data-id=\"1fc0086\" data-element_type=\"container\" data-e-type=\"container\" data-settings=\"{&quot;animation&quot;:&quot;fadeInLeft&quot;,&quot;animation_delay&quot;:400}\">\n\t\t\t\t<div class=\"elementor-element elementor-element-081e1dd elementor-widget elementor-widget-heading\" data-id=\"081e1dd\" data-element_type=\"widget\" data-e-type=\"widget\" data-widget_type=\"heading.default\">\n\t\t\t\t\t<h2 class=\"elementor-heading-title elementor-size-default\">I discover colours <span class=\"main-color\">through <\/span> music<\/h2>\t\t\t\t<\/div>\n\t\t\t\t<div class=\"elementor-element elementor-element-51d65f4 elementor-widget elementor-widget-text-editor\" data-id=\"51d65f4\" data-element_type=\"widget\" data-e-type=\"widget\" data-widget_type=\"text-editor.default\">\n\t\t\t\t\t\t\t\t\t<p>My paintings are <strong>unique and authentic<\/strong>They perfectly complement the interior of homes, offices, or public spaces, adding warmth, elegance, and harmony. I create using <strong>acrylic paints, texture paste, putty, and gold foil<\/strong>, constantly exploring new techniques and experimenting.<\/p><p>My works have been exhibited <strong>at the K\u0117dainiai Music School<\/strong>, city and regional libraries, medical centers, and virtual exhibitions <strong>in Italy, India, Turkey, and South America.<\/strong>.<\/p><p>My website is not just <strong>a gallery<\/strong>, but also <strong>a painting store<\/strong>where you can find unique artworks for your home or as a gift. I invite you to visit, explore, feel the magic of colors, and let the paintings tell their stories.<\/p><p><strong>Discover art that resonates with colors!<\/strong><\/p>\t\t\t\t\t\t\t\t<\/div>\n\t\t\t\t<div class=\"elementor-element elementor-element-19a1cd4 elementor-mobile-align-center elementor-widget elementor-widget-button\" data-id=\"19a1cd4\" data-element_type=\"widget\" data-e-type=\"widget\" data-widget_type=\"button.default\">\n\t\t\t\t\t\t\t\t\t\t<a class=\"elementor-button elementor-button-link elementor-size-sm\" href=\"\/en\/galerija\/\">\n\t\t\t\t\t\t<span class=\"elementor-button-content-wrapper\">\n\t\t\t\t\t\t<span class=\"elementor-button-icon\">\n\t\t\t\t<svg aria-hidden=\"true\" class=\"e-font-icon-svg e-fas-long-arrow-alt-right\" viewbox=\"0 0 448 512\" xmlns=\"http:\/\/www.w3.org\/2000\/svg\"><path d=\"M313.941 216H12c-6.627 0-12 5.373-12 12v56c0 6.627 5.373 12 12 12h301.941v46.059c0 21.382 25.851 32.09 40.971 16.971l86.059-86.059c9.373-9.373 9.373-24.569 0-33.941l-86.059-86.059c-15.119-15.119-40.971-4.411-40.971 16.971V216z\"><\/path><\/svg>\t\t\t<\/span>\n\t\t\t\t\t\t\t\t\t<span class=\"elementor-button-text\">PAMATYTI DARB\u0172GALERIJ\u0104<\/span>\n\t\t\t\t\t<\/span>\n\t\t\t\t\t<\/a>\n\t\t\t\t\t\t\t\t<\/div>\n\t\t\t\t<\/div>\n\t\t\t\t<\/div>\n\t\t\t\t\t<\/div>\n\t\t\t\t<\/div>\n\t\t<div class=\"elementor-element elementor-element-3baad41 elementor-hidden-desktop e-flex e-con-boxed e-con e-parent\" data-id=\"3baad41\" data-element_type=\"container\" data-e-type=\"container\" data-settings=\"{&quot;background_background&quot;:&quot;classic&quot;}\">\n\t\t\t\t\t<div class=\"e-con-inner\">\n\t\t<div class=\"elementor-element elementor-element-6314958 e-con-full e-flex e-con e-child\" data-id=\"6314958\" data-element_type=\"container\" data-e-type=\"container\">\n\t\t<div class=\"elementor-element elementor-element-0e4676a e-con-full animated-slow e-flex elementor-invisible e-con e-child\" data-id=\"0e4676a\" data-element_type=\"container\" data-e-type=\"container\" data-settings=\"{&quot;background_background&quot;:&quot;classic&quot;,&quot;animation&quot;:&quot;fadeInLeft&quot;,&quot;animation_delay&quot;:200,&quot;animation_tablet&quot;:&quot;fadeInUp&quot;}\">\n\t\t\t\t<\/div>\n\t\t<div class=\"elementor-element elementor-element-b8fbefa e-con-full e-flex elementor-invisible e-con e-child\" data-id=\"b8fbefa\" data-element_type=\"container\" data-e-type=\"container\" data-settings=\"{&quot;animation&quot;:&quot;fadeInLeft&quot;,&quot;animation_delay&quot;:400,&quot;animation_tablet&quot;:&quot;none&quot;}\">\n\t\t\t\t<div class=\"elementor-element elementor-element-6b05c11 elementor-widget elementor-widget-heading\" data-id=\"6b05c11\" data-element_type=\"widget\" data-e-type=\"widget\" data-widget_type=\"heading.default\">\n\t\t\t\t\t<h2 class=\"elementor-heading-title elementor-size-default\">I discover colours <span class=\"main-color\">through <\/span> music<\/h2>\t\t\t\t<\/div>\n\t\t\t\t<div class=\"elementor-element elementor-element-cd932cc elementor-widget elementor-widget-text-editor\" data-id=\"cd932cc\" data-element_type=\"widget\" data-e-type=\"widget\" data-widget_type=\"text-editor.default\">\n\t\t\t\t\t\t\t\t\t<p>My paintings are <strong>unique and authentic<\/strong>They perfectly complement the interior of homes, offices, or public spaces, adding warmth, elegance, and harmony. I create using <strong>acrylic paints, texture paste, putty, and gold foil<\/strong>, constantly exploring new techniques and experimenting.<\/p><p>My works have been exhibited <strong>at the K\u0117dainiai Music School<\/strong>, city and regional libraries, medical centers, and virtual exhibitions <strong>in Italy, India, Turkey, and South America.<\/strong>.<\/p><p>My website is not just <strong>a gallery<\/strong>, but also <strong>a painting store<\/strong>where you can find unique artworks for your home or as a gift. I invite you to visit, explore, feel the magic of colors, and let the paintings tell their stories.<\/p><p><strong>Discover art that resonates with colors!<\/strong><\/p>\t\t\t\t\t\t\t\t<\/div>\n\t\t\t\t<div class=\"elementor-element elementor-element-d947be0 elementor-mobile-align-center elementor-tablet-align-center elementor-widget elementor-widget-button\" data-id=\"d947be0\" data-element_type=\"widget\" data-e-type=\"widget\" data-widget_type=\"button.default\">\n\t\t\t\t\t\t\t\t\t\t<a class=\"elementor-button elementor-button-link elementor-size-sm\" href=\"\/en\/galerija\/\">\n\t\t\t\t\t\t<span class=\"elementor-button-content-wrapper\">\n\t\t\t\t\t\t<span class=\"elementor-button-icon\">\n\t\t\t\t<svg aria-hidden=\"true\" class=\"e-font-icon-svg e-fas-long-arrow-alt-right\" viewbox=\"0 0 448 512\" xmlns=\"http:\/\/www.w3.org\/2000\/svg\"><path d=\"M313.941 216H12c-6.627 0-12 5.373-12 12v56c0 6.627 5.373 12 12 12h301.941v46.059c0 21.382 25.851 32.09 40.971 16.971l86.059-86.059c9.373-9.373 9.373-24.569 0-33.941l-86.059-86.059c-15.119-15.119-40.971-4.411-40.971 16.971V216z\"><\/path><\/svg>\t\t\t<\/span>\n\t\t\t\t\t\t\t\t\t<span class=\"elementor-button-text\">PAMATYTI GALERIJ\u0104<\/span>\n\t\t\t\t\t<\/span>\n\t\t\t\t\t<\/a>\n\t\t\t\t\t\t\t\t<\/div>\n\t\t\t\t<\/div>\n\t\t\t\t<\/div>\n\t\t\t\t\t<\/div>\n\t\t\t\t<\/div>\n\t\t\t\t<\/div>","protected":false},"excerpt":{"rendered":"<p>APIE MANE Esu Vaida Pru\u0161inskien\u0117 \u2013 dailinink\u0117 ir muzikant\u0117 i\u0161 Lietuvos. Tapyba yra neatsiejama mano gyvenimo dalis, vedanti savirai\u0161kos, ramyb\u0117s ir atradim\u0173 keliu. Mano meninis kelias:Gimiau ir augau K\u0117dainiuose. Baigiau Panev\u0117\u017eio konservatorij\u0105 ir \u0160iauli\u0173 universitet\u0105, toliau tobulinausi dail\u0117s studijoje. Tapyti prad\u0117jau ie\u0161kodama nauj\u0173 b\u016bd\u0173 i\u0161reik\u0161ti save. Atradau spalv\u0173 liejimo technik\u0105 ir abstrakt\u0173 men\u0105, kuris leid\u017eia [&hellip;]<\/p>\n","protected":false},"author":1,"featured_media":0,"parent":0,"menu_order":0,"comment_status":"closed","ping_status":"closed","template":"elementor_header_footer","meta":{"footnotes":""},"class_list":["post-17","page","type-page","status-publish","hentry"],"blocksy_meta":[],"yoast_head":"<!-- This site is optimized with the Yoast SEO plugin v27.4 - https:\/\/yoast.com\/product\/yoast-seo-wordpress\/ -->\n<title>Apie mane - VaiPru art<\/title>\n<meta name=\"description\" content=\"Esu meninink\u0117, kurianti unikalius paveikslus. Mano tapybos darbai \u2013 tai emocij\u0173 ir spalv\u0173 derm\u0117, skirta tiems, kas ie\u0161ko originalumo.\" \/>\n<meta name=\"robots\" content=\"index, follow, max-snippet:-1, max-image-preview:large, max-video-preview:-1\" \/>\n<link rel=\"canonical\" href=\"https:\/\/vaipruart.com\/en\/apie-mane\/\" \/>\n<meta property=\"og:locale\" content=\"en_GB\" \/>\n<meta property=\"og:type\" content=\"article\" \/>\n<meta property=\"og:title\" content=\"Apie mane - VaiPru art\" \/>\n<meta property=\"og:description\" content=\"Esu meninink\u0117, kurianti unikalius paveikslus. Mano tapybos darbai \u2013 tai emocij\u0173 ir spalv\u0173 derm\u0117, skirta tiems, kas ie\u0161ko originalumo.\" \/>\n<meta property=\"og:url\" content=\"https:\/\/vaipruart.com\/en\/apie-mane\/\" \/>\n<meta property=\"og:site_name\" content=\"VaiPru art\" \/>\n<meta property=\"article:publisher\" content=\"https:\/\/www.facebook.com\/vaida.prusinskiene\" \/>\n<meta property=\"article:modified_time\" content=\"2025-02-20T07:00:53+00:00\" \/>\n<meta name=\"twitter:card\" content=\"summary_large_image\" \/>\n<script type=\"application\/ld+json\" class=\"yoast-schema-graph\">{\"@context\":\"https:\\\/\\\/schema.org\",\"@graph\":[{\"@type\":\"WebPage\",\"@id\":\"https:\\\/\\\/vaipruart.com\\\/apie-mane\\\/\",\"url\":\"https:\\\/\\\/vaipruart.com\\\/apie-mane\\\/\",\"name\":\"Apie mane - VaiPru art\",\"isPartOf\":{\"@id\":\"https:\\\/\\\/vaipruart.com\\\/#website\"},\"datePublished\":\"2025-01-19T19:30:48+00:00\",\"dateModified\":\"2025-02-20T07:00:53+00:00\",\"description\":\"Esu meninink\u0117, kurianti unikalius paveikslus. Mano tapybos darbai \u2013 tai emocij\u0173 ir spalv\u0173 derm\u0117, skirta tiems, kas ie\u0161ko originalumo.\",\"breadcrumb\":{\"@id\":\"https:\\\/\\\/vaipruart.com\\\/apie-mane\\\/#breadcrumb\"},\"inLanguage\":\"en-GB\",\"potentialAction\":[{\"@type\":\"ReadAction\",\"target\":[\"https:\\\/\\\/vaipruart.com\\\/apie-mane\\\/\"]}]},{\"@type\":\"BreadcrumbList\",\"@id\":\"https:\\\/\\\/vaipruart.com\\\/apie-mane\\\/#breadcrumb\",\"itemListElement\":[{\"@type\":\"ListItem\",\"position\":1,\"name\":\"Home\",\"item\":\"https:\\\/\\\/vaipruart.com\\\/\"},{\"@type\":\"ListItem\",\"position\":2,\"name\":\"Apie mane\"}]},{\"@type\":\"WebSite\",\"@id\":\"https:\\\/\\\/vaipruart.com\\\/#website\",\"url\":\"https:\\\/\\\/vaipruart.com\\\/\",\"name\":\"VaiPru art\",\"description\":\"Vienetiniai meno k\u016briniai \u2013 \u012esigykite original\u0173 \u0161iuolaikin\u012f men\u0105\",\"publisher\":{\"@id\":\"https:\\\/\\\/vaipruart.com\\\/#\\\/schema\\\/person\\\/b4ee229fd0276e3be29be0726dd8247b\"},\"potentialAction\":[{\"@type\":\"SearchAction\",\"target\":{\"@type\":\"EntryPoint\",\"urlTemplate\":\"https:\\\/\\\/vaipruart.com\\\/?s={search_term_string}\"},\"query-input\":{\"@type\":\"PropertyValueSpecification\",\"valueRequired\":true,\"valueName\":\"search_term_string\"}}],\"inLanguage\":\"en-GB\"},{\"@type\":[\"Person\",\"Organization\"],\"@id\":\"https:\\\/\\\/vaipruart.com\\\/#\\\/schema\\\/person\\\/b4ee229fd0276e3be29be0726dd8247b\",\"name\":\"Vaida Prusinskiene\",\"image\":{\"@type\":\"ImageObject\",\"inLanguage\":\"en-GB\",\"@id\":\"https:\\\/\\\/vaipruart.com\\\/wp-content\\\/uploads\\\/2025\\\/02\\\/as-scaled.jpg\",\"url\":\"https:\\\/\\\/vaipruart.com\\\/wp-content\\\/uploads\\\/2025\\\/02\\\/as-scaled.jpg\",\"contentUrl\":\"https:\\\/\\\/vaipruart.com\\\/wp-content\\\/uploads\\\/2025\\\/02\\\/as-scaled.jpg\",\"width\":2560,\"height\":1640,\"caption\":\"Vaida Prusinskiene\"},\"logo\":{\"@id\":\"https:\\\/\\\/vaipruart.com\\\/wp-content\\\/uploads\\\/2025\\\/02\\\/as-scaled.jpg\"},\"sameAs\":[\"http:\\\/\\\/vaipruart.com\",\"https:\\\/\\\/www.facebook.com\\\/vaida.prusinskiene\",\"https:\\\/\\\/www.instagram.com\\\/vaidaprusinskiene\\\/\"]}]}<\/script>\n<!-- \/ Yoast SEO plugin. -->","yoast_head_json":{"title":"Apie mane - VaiPru art","description":"Esu meninink\u0117, kurianti unikalius paveikslus. Mano tapybos darbai \u2013 tai emocij\u0173 ir spalv\u0173 derm\u0117, skirta tiems, kas ie\u0161ko originalumo.","robots":{"index":"index","follow":"follow","max-snippet":"max-snippet:-1","max-image-preview":"max-image-preview:large","max-video-preview":"max-video-preview:-1"},"canonical":"https:\/\/vaipruart.com\/en\/apie-mane\/","og_locale":"en_GB","og_type":"article","og_title":"Apie mane - VaiPru art","og_description":"Esu meninink\u0117, kurianti unikalius paveikslus. Mano tapybos darbai \u2013 tai emocij\u0173 ir spalv\u0173 derm\u0117, skirta tiems, kas ie\u0161ko originalumo.","og_url":"https:\/\/vaipruart.com\/en\/apie-mane\/","og_site_name":"VaiPru art","article_publisher":"https:\/\/www.facebook.com\/vaida.prusinskiene","article_modified_time":"2025-02-20T07:00:53+00:00","twitter_card":"summary_large_image","schema":{"@context":"https:\/\/schema.org","@graph":[{"@type":"WebPage","@id":"https:\/\/vaipruart.com\/apie-mane\/","url":"https:\/\/vaipruart.com\/apie-mane\/","name":"Apie mane - VaiPru art","isPartOf":{"@id":"https:\/\/vaipruart.com\/#website"},"datePublished":"2025-01-19T19:30:48+00:00","dateModified":"2025-02-20T07:00:53+00:00","description":"Esu meninink\u0117, kurianti unikalius paveikslus. Mano tapybos darbai \u2013 tai emocij\u0173 ir spalv\u0173 derm\u0117, skirta tiems, kas ie\u0161ko originalumo.","breadcrumb":{"@id":"https:\/\/vaipruart.com\/apie-mane\/#breadcrumb"},"inLanguage":"en-GB","potentialAction":[{"@type":"ReadAction","target":["https:\/\/vaipruart.com\/apie-mane\/"]}]},{"@type":"BreadcrumbList","@id":"https:\/\/vaipruart.com\/apie-mane\/#breadcrumb","itemListElement":[{"@type":"ListItem","position":1,"name":"Home","item":"https:\/\/vaipruart.com\/"},{"@type":"ListItem","position":2,"name":"Apie mane"}]},{"@type":"WebSite","@id":"https:\/\/vaipruart.com\/#website","url":"https:\/\/vaipruart.com\/","name":"VaiPru art","description":"Vienetiniai meno k\u016briniai \u2013 \u012esigykite original\u0173 \u0161iuolaikin\u012f men\u0105","publisher":{"@id":"https:\/\/vaipruart.com\/#\/schema\/person\/b4ee229fd0276e3be29be0726dd8247b"},"potentialAction":[{"@type":"SearchAction","target":{"@type":"EntryPoint","urlTemplate":"https:\/\/vaipruart.com\/?s={search_term_string}"},"query-input":{"@type":"PropertyValueSpecification","valueRequired":true,"valueName":"search_term_string"}}],"inLanguage":"en-GB"},{"@type":["Person","Organization"],"@id":"https:\/\/vaipruart.com\/#\/schema\/person\/b4ee229fd0276e3be29be0726dd8247b","name":"Vaida Prusinskiene","image":{"@type":"ImageObject","inLanguage":"en-GB","@id":"https:\/\/vaipruart.com\/wp-content\/uploads\/2025\/02\/as-scaled.jpg","url":"https:\/\/vaipruart.com\/wp-content\/uploads\/2025\/02\/as-scaled.jpg","contentUrl":"https:\/\/vaipruart.com\/wp-content\/uploads\/2025\/02\/as-scaled.jpg","width":2560,"height":1640,"caption":"Vaida Prusinskiene"},"logo":{"@id":"https:\/\/vaipruart.com\/wp-content\/uploads\/2025\/02\/as-scaled.jpg"},"sameAs":["http:\/\/vaipruart.com","https:\/\/www.facebook.com\/vaida.prusinskiene","https:\/\/www.instagram.com\/vaidaprusinskiene\/"]}]}},"_links":{"self":[{"href":"https:\/\/vaipruart.com\/en\/wp-json\/wp\/v2\/pages\/17","targetHints":{"allow":["GET"]}}],"collection":[{"href":"https:\/\/vaipruart.com\/en\/wp-json\/wp\/v2\/pages"}],"about":[{"href":"https:\/\/vaipruart.com\/en\/wp-json\/wp\/v2\/types\/page"}],"author":[{"embeddable":true,"href":"https:\/\/vaipruart.com\/en\/wp-json\/wp\/v2\/users\/1"}],"replies":[{"embeddable":true,"href":"https:\/\/vaipruart.com\/en\/wp-json\/wp\/v2\/comments?post=17"}],"version-history":[{"count":1,"href":"https:\/\/vaipruart.com\/en\/wp-json\/wp\/v2\/pages\/17\/revisions"}],"predecessor-version":[{"id":544,"href":"https:\/\/vaipruart.com\/en\/wp-json\/wp\/v2\/pages\/17\/revisions\/544"}],"wp:attachment":[{"href":"https:\/\/vaipruart.com\/en\/wp-json\/wp\/v2\/media?parent=17"}],"curies":[{"name":"wp","href":"https:\/\/api.w.org\/{rel}","templated":true}]}}